{"id":997,"date":"2021-11-30T22:00:40","date_gmt":"2021-11-30T21:00:40","guid":{"rendered":"https:\/\/www.hurni-kies-beton.ch\/?page_id=997"},"modified":"2023-11-17T10:26:35","modified_gmt":"2023-11-17T09:26:35","slug":"revalorisation-du-sol","status":"publish","type":"page","link":"https:\/\/www.hurni-kies-beton.ch\/fr\/offre\/revalorisation-du-sol\/","title":{"rendered":"Revalorisation du sol \u2013 une situation gagnant-gagnant"},"content":{"rendered":"\n<div class=\"wp-block-group alignfull has-white-background-color has-background\"><div class=\"wp-block-group__inner-container is-layout-flow wp-block-group-is-layout-flow\">\n<div class=\"wp-block-group\"><div class=\"wp-block-group__inner-container is-layout-flow wp-block-group-is-layout-flow\">\n<p class=\"lead\">Les terres agricoles du Seeland sont en mauvais \u00e9tat en raison de divers facteurs. Afin de contribuer \u00e0 r\u00e9soudre ce probl\u00e8me, Hurni pr\u00e9voit une place de manutention de mat\u00e9riaux terreux lors de l\u2019agrandissement de la gravi\u00e8re \u00abBeichfeld\u00bb \u00e0 Walperswil. Les bons mat\u00e9riaux terreux de chantiers seront trait\u00e9s sur cette place de manutention et mis \u00e0 disposition de l\u2019agriculture. Hurni contribue ainsi durablement \u00e0 la pr\u00e9servation du potentiel nutritionnel du Seeland.<\/p>\n<\/div><\/div>\n<\/div><\/div>\n\n\n\n<div class=\"wp-block-group alignfull has-gray-light-background-color has-background\"><div class=\"wp-block-group__inner-container is-layout-flow wp-block-group-is-layout-flow\">\n<div class=\"wp-block-group\"><div class=\"wp-block-group__inner-container is-layout-flow wp-block-group-is-layout-flow\">\n<div class=\"wp-block-media-text alignwide is-stacked-on-mobile is-vertically-aligned-top hurni-media-text\" style=\"grid-template-columns:35% auto\"><figure class=\"wp-block-media-text__media\"><img loading=\"lazy\" decoding=\"async\" width=\"800\" height=\"600\" src=\"\/wp-content\/uploads\/sites\/2\/2021\/11\/Bodenverwertung1.jpg\" alt=\"\" class=\"wp-image-140 size-full\" srcset=\"https:\/\/www.hurni-kies-beton.ch\/wp-content\/uploads\/sites\/2\/2021\/11\/Bodenverwertung1.jpg 800w, https:\/\/www.hurni-kies-beton.ch\/wp-content\/uploads\/sites\/2\/2021\/11\/Bodenverwertung1-300x225.jpg 300w, https:\/\/www.hurni-kies-beton.ch\/wp-content\/uploads\/sites\/2\/2021\/11\/Bodenverwertung1-768x576.jpg 768w\" sizes=\"auto, (max-width: 800px) 100vw, 800px\" \/><\/figure><div class=\"wp-block-media-text__content\">\n<h3 class=\"wp-block-heading\">Grande demande de mat\u00e9riaux terreux<\/h3>\n\n\n\n<p>Dans le Seeland Walperswil, il existe une grande demande de mat\u00e9riaux terreux pour la valorisation de terres agricoles d\u00e9g\u00e9n\u00e9r\u00e9es.<\/p>\n<\/div><\/div>\n\n\n\n<div class=\"wp-block-media-text alignwide is-stacked-on-mobile is-vertically-aligned-top hurni-media-text\" style=\"grid-template-columns:35% auto\"><figure class=\"wp-block-media-text__media\"><img loading=\"lazy\" decoding=\"async\" width=\"400\" height=\"300\" src=\"https:\/\/www.hurni-kies-beton.ch\/wp-content\/uploads\/sites\/2\/2022\/12\/BV_Boden.jpg\" alt=\"\" class=\"wp-image-1151 size-full\" srcset=\"https:\/\/www.hurni-kies-beton.ch\/wp-content\/uploads\/sites\/2\/2022\/12\/BV_Boden.jpg 400w, https:\/\/www.hurni-kies-beton.ch\/wp-content\/uploads\/sites\/2\/2022\/12\/BV_Boden-300x225.jpg 300w\" sizes=\"auto, (max-width: 400px) 100vw, 400px\" \/><\/figure><div class=\"wp-block-media-text__content\">\n<h3 class=\"wp-block-heading\">Amener et reprendre du sol<\/h3>\n\n\n\n<p>Une place dite de manutention de mat\u00e9riaux terreux est pr\u00e9vue dans le projet d\u2019extraction de gravier \u00e0 Beichfeld, pour l\u2019exploitation de laquelle les infrastructures de la gravi\u00e8re peuvent \u00eatre utilis\u00e9es.<\/p>\n<\/div><\/div>\n\n\n\n<div class=\"wp-block-media-text alignwide is-stacked-on-mobile is-vertically-aligned-top hurni-media-text\" style=\"grid-template-columns:35% auto\"><figure class=\"wp-block-media-text__media\"><img loading=\"lazy\" decoding=\"async\" width=\"400\" height=\"300\" src=\"https:\/\/www.hurni-kies-beton.ch\/wp-content\/uploads\/sites\/2\/2022\/12\/BV_GuterBoden.jpg\" alt=\"\" class=\"wp-image-1148 size-full\" srcset=\"https:\/\/www.hurni-kies-beton.ch\/wp-content\/uploads\/sites\/2\/2022\/12\/BV_GuterBoden.jpg 400w, https:\/\/www.hurni-kies-beton.ch\/wp-content\/uploads\/sites\/2\/2022\/12\/BV_GuterBoden-300x225.jpg 300w\" sizes=\"auto, (max-width: 400px) 100vw, 400px\" \/><\/figure><div class=\"wp-block-media-text__content\">\n<h3 class=\"wp-block-heading\">Du bon sol pour l\u2019agriculture<\/h3>\n\n\n\n<p>Tout au long de l\u2019ann\u00e9e, de bonnes mati\u00e8res provenant de l\u2019\u00e9conomie de la construction sont accept\u00e9es et transmises \u00e0 l\u2019agriculture. Les mati\u00e8res sont entrepos\u00e9es \u00e0 titre provisoire, examin\u00e9es et tri\u00e9es sur place.<\/p>\n<\/div><\/div>\n<\/div><\/div>\n<\/div><\/div>\n\n\n\n<div class=\"wp-block-group alignfull has-white-background-color has-background\"><div class=\"wp-block-group__inner-container is-layout-flow wp-block-group-is-layout-flow\">\n<div class=\"wp-block-group\"><div class=\"wp-block-group__inner-container is-layout-flow wp-block-group-is-layout-flow\">\n<h2 class=\"wp-block-heading\">Cycle de sol<\/h2>\n\n\n\n<figure class=\"wp-block-image size-full\"><a href=\"https:\/\/www.hurni-kies-beton.ch\/wp-content\/uploads\/sites\/2\/2023\/11\/HURNI_CycleSol-2.png\"><img loading=\"lazy\" decoding=\"async\" width=\"2955\" height=\"1688\" src=\"https:\/\/www.hurni-kies-beton.ch\/wp-content\/uploads\/sites\/2\/2023\/11\/HURNI_CycleSol-2.png\" alt=\"\" class=\"wp-image-1328\" srcset=\"https:\/\/www.hurni-kies-beton.ch\/wp-content\/uploads\/sites\/2\/2023\/11\/HURNI_CycleSol-2.png 2955w, https:\/\/www.hurni-kies-beton.ch\/wp-content\/uploads\/sites\/2\/2023\/11\/HURNI_CycleSol-2-300x171.png 300w, https:\/\/www.hurni-kies-beton.ch\/wp-content\/uploads\/sites\/2\/2023\/11\/HURNI_CycleSol-2-1024x585.png 1024w, https:\/\/www.hurni-kies-beton.ch\/wp-content\/uploads\/sites\/2\/2023\/11\/HURNI_CycleSol-2-768x439.png 768w, https:\/\/www.hurni-kies-beton.ch\/wp-content\/uploads\/sites\/2\/2023\/11\/HURNI_CycleSol-2-1536x877.png 1536w, https:\/\/www.hurni-kies-beton.ch\/wp-content\/uploads\/sites\/2\/2023\/11\/HURNI_CycleSol-2-2048x1170.png 2048w\" sizes=\"auto, (max-width: 2955px) 100vw, 2955px\" \/><\/a><\/figure>\n<\/div><\/div>\n<\/div><\/div>\n","protected":false},"excerpt":{"rendered":"<p>Les terres agricoles du Seeland sont en mauvais \u00e9tat en raison de divers facteurs. Afin de contribuer \u00e0 r\u00e9soudre ce probl\u00e8me, Hurni pr\u00e9voit une place&hellip;<\/p>\n","protected":false},"author":2,"featured_media":751,"parent":731,"menu_order":150,"comment_status":"closed","ping_status":"closed","template":"","meta":{"inline_featured_image":false,"_uag_custom_page_level_css":"","pgc_sgb_lightbox_settings":"","footnotes":""},"class_list":["post-997","page","type-page","status-publish","has-post-thumbnail","hentry"],"aioseo_notices":[],"uagb_featured_image_src":{"full":["https:\/\/www.hurni-kies-beton.ch\/wp-content\/uploads\/sites\/2\/2021\/11\/Header_Bodenverwertung.jpg",1500,500,false],"thumbnail":["https:\/\/www.hurni-kies-beton.ch\/wp-content\/uploads\/sites\/2\/2021\/11\/Header_Bodenverwertung-150x150.jpg",150,150,true],"medium":["https:\/\/www.hurni-kies-beton.ch\/wp-content\/uploads\/sites\/2\/2021\/11\/Header_Bodenverwertung-300x100.jpg",300,100,true],"medium_large":["https:\/\/www.hurni-kies-beton.ch\/wp-content\/uploads\/sites\/2\/2021\/11\/Header_Bodenverwertung-768x256.jpg",768,256,true],"large":["https:\/\/www.hurni-kies-beton.ch\/wp-content\/uploads\/sites\/2\/2021\/11\/Header_Bodenverwertung-1024x341.jpg",843,281,true],"1536x1536":["https:\/\/www.hurni-kies-beton.ch\/wp-content\/uploads\/sites\/2\/2021\/11\/Header_Bodenverwertung.jpg",1500,500,false],"2048x2048":["https:\/\/www.hurni-kies-beton.ch\/wp-content\/uploads\/sites\/2\/2021\/11\/Header_Bodenverwertung.jpg",1500,500,false]},"uagb_author_info":{"display_name":"gffh","author_link":"https:\/\/www.hurni-kies-beton.ch\/fr\/author\/gffh\/"},"uagb_comment_info":0,"uagb_excerpt":"Les terres agricoles du Seeland sont en mauvais \u00e9tat en raison de divers facteurs. Afin de contribuer \u00e0 r\u00e9soudre ce probl\u00e8me, Hurni pr\u00e9voit une place&hellip;","_links":{"self":[{"href":"https:\/\/www.hurni-kies-beton.ch\/fr\/wp-json\/wp\/v2\/pages\/997","targetHints":{"allow":["GET"]}}],"collection":[{"href":"https:\/\/www.hurni-kies-beton.ch\/fr\/wp-json\/wp\/v2\/pages"}],"about":[{"href":"https:\/\/www.hurni-kies-beton.ch\/fr\/wp-json\/wp\/v2\/types\/page"}],"author":[{"embeddable":true,"href":"https:\/\/www.hurni-kies-beton.ch\/fr\/wp-json\/wp\/v2\/users\/2"}],"replies":[{"embeddable":true,"href":"https:\/\/www.hurni-kies-beton.ch\/fr\/wp-json\/wp\/v2\/comments?post=997"}],"version-history":[{"count":8,"href":"https:\/\/www.hurni-kies-beton.ch\/fr\/wp-json\/wp\/v2\/pages\/997\/revisions"}],"predecessor-version":[{"id":1330,"href":"https:\/\/www.hurni-kies-beton.ch\/fr\/wp-json\/wp\/v2\/pages\/997\/revisions\/1330"}],"up":[{"embeddable":true,"href":"https:\/\/www.hurni-kies-beton.ch\/fr\/wp-json\/wp\/v2\/pages\/731"}],"wp:featuredmedia":[{"embeddable":true,"href":"https:\/\/www.hurni-kies-beton.ch\/fr\/wp-json\/wp\/v2\/media\/751"}],"wp:attachment":[{"href":"https:\/\/www.hurni-kies-beton.ch\/fr\/wp-json\/wp\/v2\/media?parent=997"}],"curies":[{"name":"wp","href":"https:\/\/api.w.org\/{rel}","templated":true}]}}