{"id":995,"date":"2021-11-30T00:06:26","date_gmt":"2021-11-29T23:06:26","guid":{"rendered":"https:\/\/www.hurni-kies-beton.ch\/?page_id=995"},"modified":"2023-01-12T21:17:23","modified_gmt":"2023-01-12T20:17:23","slug":"decharge","status":"publish","type":"page","link":"https:\/\/www.hurni-kies-beton.ch\/fr\/offre\/decharge\/","title":{"rendered":"D\u00e9charge \u2013 O\u00f9 aller avec le reste?"},"content":{"rendered":"\n<div class=\"wp-block-group alignfull has-white-background-color has-background\"><div class=\"wp-block-group__inner-container is-layout-flow wp-block-group-is-layout-flow\">\n<div class=\"wp-block-group\"><div class=\"wp-block-group__inner-container is-layout-flow wp-block-group-is-layout-flow\">\n<p class=\"lead\">L\u00e0 o\u00f9 l\u2019on construit, des d\u00e9chets d\u2019excavation et de chantier s\u2019accumulent. Nous savons o\u00f9 les mettre. La plus grande partie est recycl\u00e9e, le reste est \u00e9limin\u00e9 de mani\u00e8re appropri\u00e9e dans le plus grand respect de la nature et de l\u2019environnement. C\u2019est pourquoi nous exploitons \u00e9galement des d\u00e9charges correspondantes.<\/p>\n\n\n\n<div class=\"wp-block-media-text alignwide is-stacked-on-mobile is-vertically-aligned-top\" style=\"grid-template-columns:35% auto\"><figure class=\"wp-block-media-text__media\"><img loading=\"lazy\" decoding=\"async\" width=\"800\" height=\"600\" src=\"\/wp-content\/uploads\/sites\/2\/2022\/12\/Deponie_rezyklieren2022.jpg\" alt=\"\" class=\"wp-image-942 size-full\" srcset=\"https:\/\/www.hurni-kies-beton.ch\/wp-content\/uploads\/sites\/2\/2022\/12\/Deponie_rezyklieren2022.jpg 800w, https:\/\/www.hurni-kies-beton.ch\/wp-content\/uploads\/sites\/2\/2022\/12\/Deponie_rezyklieren2022-300x225.jpg 300w, https:\/\/www.hurni-kies-beton.ch\/wp-content\/uploads\/sites\/2\/2022\/12\/Deponie_rezyklieren2022-768x576.jpg 768w\" sizes=\"auto, (max-width: 800px) 100vw, 800px\" \/><\/figure><div class=\"wp-block-media-text__content\">\n<h3 class=\"wp-block-heading\">Recycler beaucoup<\/h3>\n\n\n\n<p>En principe, nous recyclons autant que possible. C\u2019est pourquoi nous contr\u00f4lons et trions tous les mat\u00e9riaux provenant de chantiers. Ce qui peut \u00eatre recycl\u00e9, nous le r\u00e9int\u00e9grons dans le cycle des mat\u00e9riaux de construction.<\/p>\n<\/div><\/div>\n\n\n\n<div class=\"wp-block-media-text alignwide is-stacked-on-mobile is-vertically-aligned-top\" style=\"grid-template-columns:35% auto\"><figure class=\"wp-block-media-text__media\"><img loading=\"lazy\" decoding=\"async\" width=\"800\" height=\"600\" src=\"\/wp-content\/uploads\/sites\/2\/2021\/11\/Deponie_deponieren.jpg\" alt=\"\" class=\"wp-image-133 size-full\" srcset=\"https:\/\/www.hurni-kies-beton.ch\/wp-content\/uploads\/sites\/2\/2021\/11\/Deponie_deponieren.jpg 800w, https:\/\/www.hurni-kies-beton.ch\/wp-content\/uploads\/sites\/2\/2021\/11\/Deponie_deponieren-300x225.jpg 300w, https:\/\/www.hurni-kies-beton.ch\/wp-content\/uploads\/sites\/2\/2021\/11\/Deponie_deponieren-768x576.jpg 768w\" sizes=\"auto, (max-width: 800px) 100vw, 800px\" \/><\/figure><div class=\"wp-block-media-text__content\">\n<h3 class=\"wp-block-heading\">Mettre \u00e0 la d\u00e9charge de mani\u00e8re contr\u00f4l\u00e9e<\/h3>\n\n\n\n<p>Malheureusement, tous les d\u00e9chets de chantier ne peuvent pas \u00eatre recycl\u00e9s. Construire, signifie aussi \u00e9liminer les d\u00e9chets de mani\u00e8re \u00e9cologique. Nous assumons aussi cette responsabilit\u00e9 avec l\u2019exploitation de d\u00e9charges strictement contr\u00f4l\u00e9es de type B pour les mat\u00e9riaux dits inertes. Ce sont des mat\u00e9riaux qui sont chimiquement et biologiquement stables sans pr\u00e9paration suppl\u00e9mentaire et peuvent \u00eatre stock\u00e9s sans probl\u00e8mes.<\/p>\n<\/div><\/div>\n\n\n\n<div class=\"wp-block-media-text alignwide is-stacked-on-mobile is-vertically-aligned-top\" style=\"grid-template-columns:35% auto\"><figure class=\"wp-block-media-text__media\"><img loading=\"lazy\" decoding=\"async\" width=\"800\" height=\"600\" src=\"\/wp-content\/uploads\/sites\/2\/2021\/11\/Deponie_nutzen.jpg\" alt=\"\" class=\"wp-image-134 size-full\" srcset=\"https:\/\/www.hurni-kies-beton.ch\/wp-content\/uploads\/sites\/2\/2021\/11\/Deponie_nutzen.jpg 800w, https:\/\/www.hurni-kies-beton.ch\/wp-content\/uploads\/sites\/2\/2021\/11\/Deponie_nutzen-300x225.jpg 300w, https:\/\/www.hurni-kies-beton.ch\/wp-content\/uploads\/sites\/2\/2021\/11\/Deponie_nutzen-768x576.jpg 768w\" sizes=\"auto, (max-width: 800px) 100vw, 800px\" \/><\/figure><div class=\"wp-block-media-text__content\">\n<h3 class=\"wp-block-heading\">Utiliser les synergies<\/h3>\n\n\n\n<p>Nous utilisons si possible du mat\u00e9riel d\u2019excavation qui ne peut pas \u00eatre recycl\u00e9, mais est non pollu\u00e9, pour du remblai et la remise en culture de gravi\u00e8res excav\u00e9es.<\/p>\n<\/div><\/div>\n<\/div><\/div>\n<\/div><\/div>\n","protected":false},"excerpt":{"rendered":"<p>L\u00e0 o\u00f9 l\u2019on construit, des d\u00e9chets d\u2019excavation et de chantier s\u2019accumulent. Nous savons o\u00f9 les mettre. La plus grande partie est recycl\u00e9e, le reste est&hellip;<\/p>\n","protected":false},"author":2,"featured_media":749,"parent":731,"menu_order":140,"comment_status":"closed","ping_status":"closed","template":"","meta":{"inline_featured_image":false,"_uag_custom_page_level_css":"","pgc_sgb_lightbox_settings":"","footnotes":""},"class_list":["post-995","page","type-page","status-publish","has-post-thumbnail","hentry"],"aioseo_notices":[],"uagb_featured_image_src":{"full":["https:\/\/www.hurni-kies-beton.ch\/wp-content\/uploads\/sites\/2\/2021\/11\/Header_Deponie.jpg",1500,500,false],"thumbnail":["https:\/\/www.hurni-kies-beton.ch\/wp-content\/uploads\/sites\/2\/2021\/11\/Header_Deponie-150x150.jpg",150,150,true],"medium":["https:\/\/www.hurni-kies-beton.ch\/wp-content\/uploads\/sites\/2\/2021\/11\/Header_Deponie-300x100.jpg",300,100,true],"medium_large":["https:\/\/www.hurni-kies-beton.ch\/wp-content\/uploads\/sites\/2\/2021\/11\/Header_Deponie-768x256.jpg",768,256,true],"large":["https:\/\/www.hurni-kies-beton.ch\/wp-content\/uploads\/sites\/2\/2021\/11\/Header_Deponie-1024x341.jpg",843,281,true],"1536x1536":["https:\/\/www.hurni-kies-beton.ch\/wp-content\/uploads\/sites\/2\/2021\/11\/Header_Deponie.jpg",1500,500,false],"2048x2048":["https:\/\/www.hurni-kies-beton.ch\/wp-content\/uploads\/sites\/2\/2021\/11\/Header_Deponie.jpg",1500,500,false]},"uagb_author_info":{"display_name":"gffh","author_link":"https:\/\/www.hurni-kies-beton.ch\/fr\/author\/gffh\/"},"uagb_comment_info":0,"uagb_excerpt":"L\u00e0 o\u00f9 l\u2019on construit, des d\u00e9chets d\u2019excavation et de chantier s\u2019accumulent. Nous savons o\u00f9 les mettre. La plus grande partie est recycl\u00e9e, le reste est&hellip;","_links":{"self":[{"href":"https:\/\/www.hurni-kies-beton.ch\/fr\/wp-json\/wp\/v2\/pages\/995","targetHints":{"allow":["GET"]}}],"collection":[{"href":"https:\/\/www.hurni-kies-beton.ch\/fr\/wp-json\/wp\/v2\/pages"}],"about":[{"href":"https:\/\/www.hurni-kies-beton.ch\/fr\/wp-json\/wp\/v2\/types\/page"}],"author":[{"embeddable":true,"href":"https:\/\/www.hurni-kies-beton.ch\/fr\/wp-json\/wp\/v2\/users\/2"}],"replies":[{"embeddable":true,"href":"https:\/\/www.hurni-kies-beton.ch\/fr\/wp-json\/wp\/v2\/comments?post=995"}],"version-history":[{"count":4,"href":"https:\/\/www.hurni-kies-beton.ch\/fr\/wp-json\/wp\/v2\/pages\/995\/revisions"}],"predecessor-version":[{"id":1164,"href":"https:\/\/www.hurni-kies-beton.ch\/fr\/wp-json\/wp\/v2\/pages\/995\/revisions\/1164"}],"up":[{"embeddable":true,"href":"https:\/\/www.hurni-kies-beton.ch\/fr\/wp-json\/wp\/v2\/pages\/731"}],"wp:featuredmedia":[{"embeddable":true,"href":"https:\/\/www.hurni-kies-beton.ch\/fr\/wp-json\/wp\/v2\/media\/749"}],"wp:attachment":[{"href":"https:\/\/www.hurni-kies-beton.ch\/fr\/wp-json\/wp\/v2\/media?parent=995"}],"curies":[{"name":"wp","href":"https:\/\/api.w.org\/{rel}","templated":true}]}}