{"id":992,"date":"2021-11-30T00:02:37","date_gmt":"2021-11-29T23:02:37","guid":{"rendered":"https:\/\/www.hurni-kies-beton.ch\/?page_id=992"},"modified":"2022-12-18T19:29:32","modified_gmt":"2022-12-18T18:29:32","slug":"materiaux-de-construction-rc","status":"publish","type":"page","link":"https:\/\/www.hurni-kies-beton.ch\/fr\/offre\/materiaux-de-construction-rc\/","title":{"rendered":"Mat\u00e9riaux de construction RC \u2013 parce que le recyclage est \u00e9vident"},"content":{"rendered":"\n<div class=\"wp-block-group alignfull has-white-background-color has-background\"><div class=\"wp-block-group__inner-container is-layout-flow wp-block-group-is-layout-flow\">\n<div class=\"wp-block-group\"><div class=\"wp-block-group__inner-container is-layout-flow wp-block-group-is-layout-flow\">\n<p class=\"lead\">Hurni a et a toujours eu une longueur d\u2019avance aussi en mati\u00e8re de recyclage. Parce que les mati\u00e8res premi\u00e8res sont rares, la moiti\u00e9 du gravier venu par Hurni est compos\u00e9e de mat\u00e9riaux recycl\u00e9s, lesdits mat\u00e9riaux de construction RC.<\/p>\n\n\n\n<div class=\"wp-block-media-text alignwide is-stacked-on-mobile is-vertically-aligned-top hurni-media-text\" style=\"grid-template-columns:35% auto\"><figure class=\"wp-block-media-text__media\"><img loading=\"lazy\" decoding=\"async\" width=\"800\" height=\"600\" src=\"\/wp-content\/uploads\/sites\/2\/2021\/11\/RCBaustoffe_schonen.jpg\" alt=\"\" class=\"wp-image-124 size-full\" srcset=\"https:\/\/www.hurni-kies-beton.ch\/wp-content\/uploads\/sites\/2\/2021\/11\/RCBaustoffe_schonen.jpg 800w, https:\/\/www.hurni-kies-beton.ch\/wp-content\/uploads\/sites\/2\/2021\/11\/RCBaustoffe_schonen-300x225.jpg 300w, https:\/\/www.hurni-kies-beton.ch\/wp-content\/uploads\/sites\/2\/2021\/11\/RCBaustoffe_schonen-768x576.jpg 768w\" sizes=\"auto, (max-width: 800px) 100vw, 800px\" \/><\/figure><div class=\"wp-block-media-text__content\">\n<h3 class=\"wp-block-heading\">Pr\u00e9server les mati\u00e8res premi\u00e8res<\/h3>\n\n\n\n<p>Le gravier est une mati\u00e8re premi\u00e8re pr\u00e9cieuse et rare. Par amour pour l\u2019homme et la nature, Hurni soigne le traitement mesur\u00e9 de ces ressources rares.<\/p>\n<\/div><\/div>\n\n\n\n<div class=\"wp-block-media-text alignwide is-stacked-on-mobile is-vertically-aligned-top hurni-media-text\" style=\"grid-template-columns:35% auto\"><figure class=\"wp-block-media-text__media\"><img loading=\"lazy\" decoding=\"async\" width=\"800\" height=\"600\" src=\"\/wp-content\/uploads\/sites\/2\/2021\/11\/RCBaustoffe_herstellen.jpg\" alt=\"\" class=\"wp-image-125 size-full\" srcset=\"https:\/\/www.hurni-kies-beton.ch\/wp-content\/uploads\/sites\/2\/2021\/11\/RCBaustoffe_herstellen.jpg 800w, https:\/\/www.hurni-kies-beton.ch\/wp-content\/uploads\/sites\/2\/2021\/11\/RCBaustoffe_herstellen-300x225.jpg 300w, https:\/\/www.hurni-kies-beton.ch\/wp-content\/uploads\/sites\/2\/2021\/11\/RCBaustoffe_herstellen-768x576.jpg 768w\" sizes=\"auto, (max-width: 800px) 100vw, 800px\" \/><\/figure><div class=\"wp-block-media-text__content\">\n<h3 class=\"wp-block-heading\">Produire des mat\u00e9riaux de construction recycl\u00e9s<\/h3>\n\n\n\n<p>Hurni produit des mat\u00e9riaux de construction recycl\u00e9s provenant d\u2019asphalte et de b\u00e9ton de d\u00e9molition et de gravats non tri\u00e9s selon les directives de l\u2019Office f\u00e9d\u00e9ral de l\u2019environnement (OFEV).<\/p>\n<\/div><\/div>\n\n\n\n<div class=\"wp-block-media-text alignwide is-stacked-on-mobile is-vertically-aligned-top hurni-media-text\" style=\"grid-template-columns:35% auto\"><figure class=\"wp-block-media-text__media\"><img loading=\"lazy\" decoding=\"async\" width=\"800\" height=\"600\" src=\"\/wp-content\/uploads\/sites\/2\/2022\/12\/RCBaustoffe_verkaufen2022.jpg\" alt=\"\" class=\"wp-image-939 size-full\" srcset=\"https:\/\/www.hurni-kies-beton.ch\/wp-content\/uploads\/sites\/2\/2022\/12\/RCBaustoffe_verkaufen2022.jpg 800w, https:\/\/www.hurni-kies-beton.ch\/wp-content\/uploads\/sites\/2\/2022\/12\/RCBaustoffe_verkaufen2022-300x225.jpg 300w, https:\/\/www.hurni-kies-beton.ch\/wp-content\/uploads\/sites\/2\/2022\/12\/RCBaustoffe_verkaufen2022-768x576.jpg 768w\" sizes=\"auto, (max-width: 800px) 100vw, 800px\" \/><\/figure><div class=\"wp-block-media-text__content\">\n<h3 class=\"wp-block-heading\">Vendre du recycl\u00e9<\/h3>\n\n\n\n<p>50 pourcent du gravier vendu provient de mat\u00e9riaux recycl\u00e9s \u2013 une valeur de pointe dans la branche.<\/p>\n<\/div><\/div>\n<\/div><\/div>\n<\/div><\/div>\n","protected":false},"excerpt":{"rendered":"<p>Hurni a et a toujours eu une longueur d\u2019avance aussi en mati\u00e8re de recyclage. Parce que les mati\u00e8res premi\u00e8res sont rares, la moiti\u00e9 du gravier&hellip;<\/p>\n","protected":false},"author":2,"featured_media":750,"parent":731,"menu_order":130,"comment_status":"closed","ping_status":"closed","template":"","meta":{"inline_featured_image":false,"_uag_custom_page_level_css":"","pgc_sgb_lightbox_settings":"","footnotes":""},"class_list":["post-992","page","type-page","status-publish","has-post-thumbnail","hentry"],"aioseo_notices":[],"uagb_featured_image_src":{"full":["https:\/\/www.hurni-kies-beton.ch\/wp-content\/uploads\/sites\/2\/2021\/11\/Header_RCBaustoffe.jpg",1500,500,false],"thumbnail":["https:\/\/www.hurni-kies-beton.ch\/wp-content\/uploads\/sites\/2\/2021\/11\/Header_RCBaustoffe-150x150.jpg",150,150,true],"medium":["https:\/\/www.hurni-kies-beton.ch\/wp-content\/uploads\/sites\/2\/2021\/11\/Header_RCBaustoffe-300x100.jpg",300,100,true],"medium_large":["https:\/\/www.hurni-kies-beton.ch\/wp-content\/uploads\/sites\/2\/2021\/11\/Header_RCBaustoffe-768x256.jpg",768,256,true],"large":["https:\/\/www.hurni-kies-beton.ch\/wp-content\/uploads\/sites\/2\/2021\/11\/Header_RCBaustoffe-1024x341.jpg",843,281,true],"1536x1536":["https:\/\/www.hurni-kies-beton.ch\/wp-content\/uploads\/sites\/2\/2021\/11\/Header_RCBaustoffe.jpg",1500,500,false],"2048x2048":["https:\/\/www.hurni-kies-beton.ch\/wp-content\/uploads\/sites\/2\/2021\/11\/Header_RCBaustoffe.jpg",1500,500,false]},"uagb_author_info":{"display_name":"gffh","author_link":"https:\/\/www.hurni-kies-beton.ch\/fr\/author\/gffh\/"},"uagb_comment_info":0,"uagb_excerpt":"Hurni a et a toujours eu une longueur d\u2019avance aussi en mati\u00e8re de recyclage. Parce que les mati\u00e8res premi\u00e8res sont rares, la moiti\u00e9 du gravier&hellip;","_links":{"self":[{"href":"https:\/\/www.hurni-kies-beton.ch\/fr\/wp-json\/wp\/v2\/pages\/992","targetHints":{"allow":["GET"]}}],"collection":[{"href":"https:\/\/www.hurni-kies-beton.ch\/fr\/wp-json\/wp\/v2\/pages"}],"about":[{"href":"https:\/\/www.hurni-kies-beton.ch\/fr\/wp-json\/wp\/v2\/types\/page"}],"author":[{"embeddable":true,"href":"https:\/\/www.hurni-kies-beton.ch\/fr\/wp-json\/wp\/v2\/users\/2"}],"replies":[{"embeddable":true,"href":"https:\/\/www.hurni-kies-beton.ch\/fr\/wp-json\/wp\/v2\/comments?post=992"}],"version-history":[{"count":4,"href":"https:\/\/www.hurni-kies-beton.ch\/fr\/wp-json\/wp\/v2\/pages\/992\/revisions"}],"predecessor-version":[{"id":1009,"href":"https:\/\/www.hurni-kies-beton.ch\/fr\/wp-json\/wp\/v2\/pages\/992\/revisions\/1009"}],"up":[{"embeddable":true,"href":"https:\/\/www.hurni-kies-beton.ch\/fr\/wp-json\/wp\/v2\/pages\/731"}],"wp:featuredmedia":[{"embeddable":true,"href":"https:\/\/www.hurni-kies-beton.ch\/fr\/wp-json\/wp\/v2\/media\/750"}],"wp:attachment":[{"href":"https:\/\/www.hurni-kies-beton.ch\/fr\/wp-json\/wp\/v2\/media?parent=992"}],"curies":[{"name":"wp","href":"https:\/\/api.w.org\/{rel}","templated":true}]}}