{"id":990,"date":"2021-11-30T00:00:52","date_gmt":"2021-11-29T23:00:52","guid":{"rendered":"https:\/\/www.hurni-kies-beton.ch\/?page_id=990"},"modified":"2022-12-18T19:29:38","modified_gmt":"2022-12-18T18:29:38","slug":"beton","status":"publish","type":"page","link":"https:\/\/www.hurni-kies-beton.ch\/fr\/offre\/beton\/","title":{"rendered":"B\u00e9ton \u2013 \u00e0 la carte et frais, de maigre \u00e0 recycl\u00e9"},"content":{"rendered":"\n<div class=\"wp-block-group alignfull has-white-background-color has-background\"><div class=\"wp-block-group__inner-container is-layout-flow wp-block-group-is-layout-flow\">\n<div class=\"wp-block-group\"><div class=\"wp-block-group__inner-container is-layout-flow wp-block-group-is-layout-flow\">\n<p class=\"lead\">Nous offrons un menu de b\u00e9ton frais, des conseils professionnels et un service de livraison de premi\u00e8re classe.<\/p>\n\n\n\n<div class=\"wp-block-media-text alignwide is-stacked-on-mobile is-vertically-aligned-top hurni-media-text\" style=\"grid-template-columns:35% auto\"><figure class=\"wp-block-media-text__media\"><img loading=\"lazy\" decoding=\"async\" width=\"400\" height=\"300\" src=\"\/wp-content\/uploads\/sites\/2\/2021\/11\/Beton1.jpg\" alt=\"\" class=\"wp-image-80 size-full\" srcset=\"https:\/\/www.hurni-kies-beton.ch\/wp-content\/uploads\/sites\/2\/2021\/11\/Beton1.jpg 400w, https:\/\/www.hurni-kies-beton.ch\/wp-content\/uploads\/sites\/2\/2021\/11\/Beton1-300x225.jpg 300w\" sizes=\"auto, (max-width: 400px) 100vw, 400px\" \/><\/figure><div class=\"wp-block-media-text__content\">\n<h3 class=\"wp-block-heading\">Menu de b\u00e9ton \u00e0 neufs plats<\/h3>\n\n\n\n<p>Notre menu de b\u00e9ton ne laisse rien \u00e0 d\u00e9sirer: b\u00e9ton grue, b\u00e9ton pomp\u00e9, b\u00e9ton fluidifi\u00e9, b\u00e9ton SCC, b\u00e9ton maigre, rev\u00eatement et mortier, b\u00e9ton l\u00e9ger et b\u00e9ton recycl\u00e9 \u2013 tous d\u2019excellente qualit\u00e9 de l\u2019Association Suisse de Surveillance de Mat\u00e9riaux de construction pierreux.<\/p>\n<\/div><\/div>\n\n\n\n<div class=\"wp-block-media-text alignwide is-stacked-on-mobile is-vertically-aligned-top hurni-media-text\" style=\"grid-template-columns:35% auto\"><figure class=\"wp-block-media-text__media\"><img loading=\"lazy\" decoding=\"async\" width=\"400\" height=\"300\" src=\"\/wp-content\/uploads\/sites\/2\/2021\/11\/Beton2.jpg\" alt=\"\" class=\"wp-image-79 size-full\" srcset=\"https:\/\/www.hurni-kies-beton.ch\/wp-content\/uploads\/sites\/2\/2021\/11\/Beton2.jpg 400w, https:\/\/www.hurni-kies-beton.ch\/wp-content\/uploads\/sites\/2\/2021\/11\/Beton2-300x225.jpg 300w\" sizes=\"auto, (max-width: 400px) 100vw, 400px\" \/><\/figure><div class=\"wp-block-media-text__content\">\n<h3 class=\"wp-block-heading\">Conseils du laboratoire de b\u00e9ton<\/h3>\n\n\n\n<p>Nos experts sont disponibles (presque) 24 h sur 24 pour vous conseiller et r\u00e9pondre \u00e0 toutes vos questions concernant le b\u00e9ton.<\/p>\n<\/div><\/div>\n\n\n\n<div class=\"wp-block-media-text alignwide is-stacked-on-mobile is-vertically-aligned-top hurni-media-text\" style=\"grid-template-columns:35% auto\"><figure class=\"wp-block-media-text__media\"><img loading=\"lazy\" decoding=\"async\" width=\"400\" height=\"300\" src=\"\/wp-content\/uploads\/sites\/2\/2021\/11\/Beton3.jpg\" alt=\"\" class=\"wp-image-78 size-full\" srcset=\"https:\/\/www.hurni-kies-beton.ch\/wp-content\/uploads\/sites\/2\/2021\/11\/Beton3.jpg 400w, https:\/\/www.hurni-kies-beton.ch\/wp-content\/uploads\/sites\/2\/2021\/11\/Beton3-300x225.jpg 300w\" sizes=\"auto, (max-width: 400px) 100vw, 400px\" \/><\/figure><div class=\"wp-block-media-text__content\">\n<h3 class=\"wp-block-heading\">Service de livraison de premi\u00e8re classe<\/h3>\n\n\n\n<p>Gr\u00e2ce \u00e0 des camions malaxeurs et des pompes \u00e0 b\u00e9ton, nous garantissons un service de livraison de premi\u00e8re classe, afin que rien ne br\u00fble lors du remplissage et que le menu de b\u00e9ton r\u00e9ussisse.<\/p>\n<\/div><\/div>\n<\/div><\/div>\n<\/div><\/div>\n","protected":false},"excerpt":{"rendered":"<p>Nous offrons un menu de b\u00e9ton frais, des conseils professionnels et un service de livraison de premi\u00e8re classe. Menu de b\u00e9ton \u00e0 neufs plats Notre&hellip;<\/p>\n","protected":false},"author":2,"featured_media":748,"parent":731,"menu_order":120,"comment_status":"closed","ping_status":"closed","template":"","meta":{"inline_featured_image":false,"_uag_custom_page_level_css":"","pgc_sgb_lightbox_settings":"","footnotes":""},"class_list":["post-990","page","type-page","status-publish","has-post-thumbnail","hentry"],"aioseo_notices":[],"uagb_featured_image_src":{"full":["https:\/\/www.hurni-kies-beton.ch\/wp-content\/uploads\/sites\/2\/2021\/11\/Header_Beton.jpg",1500,500,false],"thumbnail":["https:\/\/www.hurni-kies-beton.ch\/wp-content\/uploads\/sites\/2\/2021\/11\/Header_Beton-150x150.jpg",150,150,true],"medium":["https:\/\/www.hurni-kies-beton.ch\/wp-content\/uploads\/sites\/2\/2021\/11\/Header_Beton-300x100.jpg",300,100,true],"medium_large":["https:\/\/www.hurni-kies-beton.ch\/wp-content\/uploads\/sites\/2\/2021\/11\/Header_Beton-768x256.jpg",768,256,true],"large":["https:\/\/www.hurni-kies-beton.ch\/wp-content\/uploads\/sites\/2\/2021\/11\/Header_Beton-1024x341.jpg",843,281,true],"1536x1536":["https:\/\/www.hurni-kies-beton.ch\/wp-content\/uploads\/sites\/2\/2021\/11\/Header_Beton.jpg",1500,500,false],"2048x2048":["https:\/\/www.hurni-kies-beton.ch\/wp-content\/uploads\/sites\/2\/2021\/11\/Header_Beton.jpg",1500,500,false]},"uagb_author_info":{"display_name":"gffh","author_link":"https:\/\/www.hurni-kies-beton.ch\/fr\/author\/gffh\/"},"uagb_comment_info":0,"uagb_excerpt":"Nous offrons un menu de b\u00e9ton frais, des conseils professionnels et un service de livraison de premi\u00e8re classe. Menu de b\u00e9ton \u00e0 neufs plats Notre&hellip;","_links":{"self":[{"href":"https:\/\/www.hurni-kies-beton.ch\/fr\/wp-json\/wp\/v2\/pages\/990","targetHints":{"allow":["GET"]}}],"collection":[{"href":"https:\/\/www.hurni-kies-beton.ch\/fr\/wp-json\/wp\/v2\/pages"}],"about":[{"href":"https:\/\/www.hurni-kies-beton.ch\/fr\/wp-json\/wp\/v2\/types\/page"}],"author":[{"embeddable":true,"href":"https:\/\/www.hurni-kies-beton.ch\/fr\/wp-json\/wp\/v2\/users\/2"}],"replies":[{"embeddable":true,"href":"https:\/\/www.hurni-kies-beton.ch\/fr\/wp-json\/wp\/v2\/comments?post=990"}],"version-history":[{"count":2,"href":"https:\/\/www.hurni-kies-beton.ch\/fr\/wp-json\/wp\/v2\/pages\/990\/revisions"}],"predecessor-version":[{"id":1007,"href":"https:\/\/www.hurni-kies-beton.ch\/fr\/wp-json\/wp\/v2\/pages\/990\/revisions\/1007"}],"up":[{"embeddable":true,"href":"https:\/\/www.hurni-kies-beton.ch\/fr\/wp-json\/wp\/v2\/pages\/731"}],"wp:featuredmedia":[{"embeddable":true,"href":"https:\/\/www.hurni-kies-beton.ch\/fr\/wp-json\/wp\/v2\/media\/748"}],"wp:attachment":[{"href":"https:\/\/www.hurni-kies-beton.ch\/fr\/wp-json\/wp\/v2\/media?parent=990"}],"curies":[{"name":"wp","href":"https:\/\/api.w.org\/{rel}","templated":true}]}}