{"id":988,"date":"2021-11-29T10:28:06","date_gmt":"2021-11-29T09:28:06","guid":{"rendered":"https:\/\/www.hurni-kies-beton.ch\/?page_id=988"},"modified":"2022-12-18T19:39:08","modified_gmt":"2022-12-18T18:39:08","slug":"gravier","status":"publish","type":"page","link":"https:\/\/www.hurni-kies-beton.ch\/fr\/offre\/gravier\/","title":{"rendered":"Gravier \u2013 de la r\u00e9gion pour la r\u00e9gion"},"content":{"rendered":"\n<div class=\"wp-block-group alignfull has-white-background-color has-background\"><div class=\"wp-block-group__inner-container is-layout-flow wp-block-group-is-layout-flow\">\n<div class=\"wp-block-group\"><div class=\"wp-block-group__inner-container is-layout-flow wp-block-group-is-layout-flow\">\n<p class=\"lead\">Hurni approvisionne la r\u00e9gion du Seeland et le Jura avec du sable et du gravier, selon la devise \u00abDu gravier de la r\u00e9gion pour la r\u00e9gion\u00bb. Gr\u00e2ce \u00e0 des gravi\u00e8res proches, les trajets de transport sont courts et les emplois demeurent dans la r\u00e9gion.<\/p>\n\n\n\n<div class=\"wp-block-media-text alignwide is-stacked-on-mobile is-vertically-aligned-top\" style=\"grid-template-columns:35% auto\"><figure class=\"wp-block-media-text__media\"><img loading=\"lazy\" decoding=\"async\" width=\"400\" height=\"300\" src=\"\/wp-content\/uploads\/sites\/2\/2021\/12\/Hurni_Uferschwalben.jpg\" alt=\"\" class=\"wp-image-410 size-medium\" srcset=\"https:\/\/www.hurni-kies-beton.ch\/wp-content\/uploads\/sites\/2\/2021\/12\/Hurni_Uferschwalben.jpg 400w, https:\/\/www.hurni-kies-beton.ch\/wp-content\/uploads\/sites\/2\/2021\/12\/Hurni_Uferschwalben-300x225.jpg 300w\" sizes=\"auto, (max-width: 400px) 100vw, 400px\" \/><\/figure><div class=\"wp-block-media-text__content\">\n<h3 class=\"wp-block-heading\">Extraction avec soin et \u00e9gards<\/h3>\n\n\n\n<p>Lors de l\u2019extraction dans les gravi\u00e8res de la r\u00e9gion, Hurni traite les aspects \u00e9cologiques et arch\u00e9ologiques avec les plus grands \u00e9gards. Ainsi, par exemple, des hirondelles de rivage ont construit des niches dans la gravi\u00e8re Finsterhennen.<\/p>\n<\/div><\/div>\n\n\n\n<div class=\"wp-block-media-text alignwide is-stacked-on-mobile is-vertically-aligned-top\" style=\"grid-template-columns:35% auto\"><figure class=\"wp-block-media-text__media\"><img loading=\"lazy\" decoding=\"async\" width=\"400\" height=\"300\" src=\"\/wp-content\/uploads\/sites\/2\/2021\/11\/Kies2.jpg\" alt=\"\" class=\"wp-image-70 size-full\" srcset=\"https:\/\/www.hurni-kies-beton.ch\/wp-content\/uploads\/sites\/2\/2021\/11\/Kies2.jpg 400w, https:\/\/www.hurni-kies-beton.ch\/wp-content\/uploads\/sites\/2\/2021\/11\/Kies2-300x225.jpg 300w\" sizes=\"auto, (max-width: 400px) 100vw, 400px\" \/><\/figure><div class=\"wp-block-media-text__content\">\n<h3 class=\"wp-block-heading\">Traitement avec des installations les plus modernes<\/h3>\n\n\n\n<p>Des installations techniques les plus modernes garantissent la qualit\u00e9 la plus \u00e9lev\u00e9e de gravier rond et concass\u00e9, du gravier du Jura, du sable et de l\u2019humus.<\/p>\n<\/div><\/div>\n\n\n\n<div class=\"wp-block-media-text alignwide is-stacked-on-mobile is-vertically-aligned-top\" style=\"grid-template-columns:35% auto\"><figure class=\"wp-block-media-text__media\"><img loading=\"lazy\" decoding=\"async\" width=\"400\" height=\"300\" src=\"\/wp-content\/uploads\/sites\/2\/2022\/12\/Kies3_2022.jpg\" alt=\"\" class=\"wp-image-936 size-full\" srcset=\"https:\/\/www.hurni-kies-beton.ch\/wp-content\/uploads\/sites\/2\/2022\/12\/Kies3_2022.jpg 400w, https:\/\/www.hurni-kies-beton.ch\/wp-content\/uploads\/sites\/2\/2022\/12\/Kies3_2022-300x225.jpg 300w\" sizes=\"auto, (max-width: 400px) 100vw, 400px\" \/><\/figure><div class=\"wp-block-media-text__content\">\n<h3 class=\"wp-block-heading\">Recyclage au plus haut niveau<\/h3>\n\n\n\n<p>Hurni produit, entre autres, des mat\u00e9riaux de construction recycl\u00e9s provenant d\u2019asphalte et de b\u00e9ton recycl\u00e9. Hurni est fort dans la production de ce dernier, qu\u2019il propose dans une large gamme.<\/p>\n<\/div><\/div>\n<\/div><\/div>\n<\/div><\/div>\n","protected":false},"excerpt":{"rendered":"<p>Hurni approvisionne la r\u00e9gion du Seeland et le Jura avec du sable et du gravier, selon la devise \u00abDu gravier de la r\u00e9gion pour la&hellip;<\/p>\n","protected":false},"author":2,"featured_media":724,"parent":731,"menu_order":110,"comment_status":"closed","ping_status":"closed","template":"","meta":{"inline_featured_image":false,"_uag_custom_page_level_css":"","pgc_sgb_lightbox_settings":"","footnotes":""},"class_list":["post-988","page","type-page","status-publish","has-post-thumbnail","hentry"],"aioseo_notices":[],"uagb_featured_image_src":{"full":["https:\/\/www.hurni-kies-beton.ch\/wp-content\/uploads\/sites\/2\/2021\/11\/Kies_Header.jpg",1500,500,false],"thumbnail":["https:\/\/www.hurni-kies-beton.ch\/wp-content\/uploads\/sites\/2\/2021\/11\/Kies_Header-150x150.jpg",150,150,true],"medium":["https:\/\/www.hurni-kies-beton.ch\/wp-content\/uploads\/sites\/2\/2021\/11\/Kies_Header-300x100.jpg",300,100,true],"medium_large":["https:\/\/www.hurni-kies-beton.ch\/wp-content\/uploads\/sites\/2\/2021\/11\/Kies_Header-768x256.jpg",768,256,true],"large":["https:\/\/www.hurni-kies-beton.ch\/wp-content\/uploads\/sites\/2\/2021\/11\/Kies_Header-1024x341.jpg",843,281,true],"1536x1536":["https:\/\/www.hurni-kies-beton.ch\/wp-content\/uploads\/sites\/2\/2021\/11\/Kies_Header.jpg",1500,500,false],"2048x2048":["https:\/\/www.hurni-kies-beton.ch\/wp-content\/uploads\/sites\/2\/2021\/11\/Kies_Header.jpg",1500,500,false]},"uagb_author_info":{"display_name":"gffh","author_link":"https:\/\/www.hurni-kies-beton.ch\/fr\/author\/gffh\/"},"uagb_comment_info":0,"uagb_excerpt":"Hurni approvisionne la r\u00e9gion du Seeland et le Jura avec du sable et du gravier, selon la devise \u00abDu gravier de la r\u00e9gion pour la&hellip;","_links":{"self":[{"href":"https:\/\/www.hurni-kies-beton.ch\/fr\/wp-json\/wp\/v2\/pages\/988","targetHints":{"allow":["GET"]}}],"collection":[{"href":"https:\/\/www.hurni-kies-beton.ch\/fr\/wp-json\/wp\/v2\/pages"}],"about":[{"href":"https:\/\/www.hurni-kies-beton.ch\/fr\/wp-json\/wp\/v2\/types\/page"}],"author":[{"embeddable":true,"href":"https:\/\/www.hurni-kies-beton.ch\/fr\/wp-json\/wp\/v2\/users\/2"}],"replies":[{"embeddable":true,"href":"https:\/\/www.hurni-kies-beton.ch\/fr\/wp-json\/wp\/v2\/comments?post=988"}],"version-history":[{"count":3,"href":"https:\/\/www.hurni-kies-beton.ch\/fr\/wp-json\/wp\/v2\/pages\/988\/revisions"}],"predecessor-version":[{"id":1039,"href":"https:\/\/www.hurni-kies-beton.ch\/fr\/wp-json\/wp\/v2\/pages\/988\/revisions\/1039"}],"up":[{"embeddable":true,"href":"https:\/\/www.hurni-kies-beton.ch\/fr\/wp-json\/wp\/v2\/pages\/731"}],"wp:featuredmedia":[{"embeddable":true,"href":"https:\/\/www.hurni-kies-beton.ch\/fr\/wp-json\/wp\/v2\/media\/724"}],"wp:attachment":[{"href":"https:\/\/www.hurni-kies-beton.ch\/fr\/wp-json\/wp\/v2\/media?parent=988"}],"curies":[{"name":"wp","href":"https:\/\/api.w.org\/{rel}","templated":true}]}}