{"id":963,"date":"2021-11-30T22:07:46","date_gmt":"2021-11-30T21:07:46","guid":{"rendered":"https:\/\/www.hurni-kies-beton.ch\/?page_id=963"},"modified":"2022-12-19T17:06:26","modified_gmt":"2022-12-19T16:06:26","slug":"transportes","status":"publish","type":"page","link":"https:\/\/www.hurni-kies-beton.ch\/fr\/offre\/transportes\/","title":{"rendered":"Transports \u2013 des polyvalents respectueux de l\u2019environnement"},"content":{"rendered":"\n<div class=\"wp-block-group alignfull has-white-background-color has-background\"><div class=\"wp-block-group__inner-container is-layout-flow wp-block-group-is-layout-flow\">\n<div class=\"wp-block-group\"><div class=\"wp-block-group__inner-container is-layout-flow wp-block-group-is-layout-flow\">\n<p class=\"lead\">La flotte de v\u00e9hicules Hurni transporte tout, ou presque tout, gr\u00e2ce \u00e0 nos v\u00e9hicules vari\u00e9s et modernes ainsi qu\u2019\u00e0 nos chauffeurs et chauffeuses bien form\u00e9s.<\/p>\n\n\n\n<div class=\"wp-block-media-text alignwide is-stacked-on-mobile is-vertically-aligned-top hurni-media-text\" style=\"grid-template-columns:35% auto\"><figure class=\"wp-block-media-text__media\"><img loading=\"lazy\" decoding=\"async\" width=\"400\" height=\"300\" src=\"\/wp-content\/uploads\/sites\/2\/2021\/12\/transporte1.jpg\" alt=\"\" class=\"wp-image-408 size-full\" srcset=\"https:\/\/www.hurni-kies-beton.ch\/wp-content\/uploads\/sites\/2\/2021\/12\/transporte1.jpg 400w, https:\/\/www.hurni-kies-beton.ch\/wp-content\/uploads\/sites\/2\/2021\/12\/transporte1-300x225.jpg 300w\" sizes=\"auto, (max-width: 400px) 100vw, 400px\" \/><\/figure><div class=\"wp-block-media-text__content\">\n<h3 class=\"wp-block-heading\">Vari\u00e9 de A \u00e0 Z<\/h3>\n\n\n\n<p>Nous avons tout ce qui circule et transporte: des camions \u00e0 bascule pour le transport de gravier et de mat\u00e9riaux d\u2019excavation, des camions silo pour asphalte et b\u00e9ton, des camions malaxeurs avec ou sans convoyeur ainsi que des camions surbaiss\u00e9s pour le transport d\u2019engins de chantier \u2013 et m\u00eame un v\u00e9hicule tracteur, car nous avons tout.<\/p>\n<\/div><\/div>\n\n\n\n<div class=\"wp-block-media-text alignwide is-stacked-on-mobile is-vertically-aligned-top hurni-media-text\" style=\"grid-template-columns:35% auto\"><figure class=\"wp-block-media-text__media\"><img loading=\"lazy\" decoding=\"async\" width=\"800\" height=\"600\" src=\"\/wp-content\/uploads\/sites\/2\/2022\/12\/Transport_umweltbewusst2022.jpg\" alt=\"\" class=\"wp-image-946 size-full\" srcset=\"https:\/\/www.hurni-kies-beton.ch\/wp-content\/uploads\/sites\/2\/2022\/12\/Transport_umweltbewusst2022.jpg 800w, https:\/\/www.hurni-kies-beton.ch\/wp-content\/uploads\/sites\/2\/2022\/12\/Transport_umweltbewusst2022-300x225.jpg 300w, https:\/\/www.hurni-kies-beton.ch\/wp-content\/uploads\/sites\/2\/2022\/12\/Transport_umweltbewusst2022-768x576.jpg 768w\" sizes=\"auto, (max-width: 800px) 100vw, 800px\" \/><\/figure><div class=\"wp-block-media-text__content\">\n<h3 class=\"wp-block-heading\">Respectueux de l\u2019environnement<\/h3>\n\n\n\n<p>Nos v\u00e9hicules sont tous \u00e9quip\u00e9s d\u2019une technologie environnementale de pointe afin de maintenir les \u00e9missions de notre flotte aussi faibles que possible. De plus, si possible, nous \u00e9vitons les trajets \u00e0 vide ou combinons les livraisons de mat\u00e9riaux de construction.<\/p>\n<\/div><\/div>\n\n\n\n<div class=\"wp-block-media-text alignwide is-stacked-on-mobile is-vertically-aligned-top hurni-media-text\" style=\"grid-template-columns:35% auto\"><figure class=\"wp-block-media-text__media\"><img decoding=\"async\" src=\"\/wp-content\/uploads\/sites\/2\/2022\/12\/Transport_sicherheit2022.jpg\" alt=\"\" class=\"wp-image-948 size-full\"\/><\/figure><div class=\"wp-block-media-text__content\">\n<h3 class=\"wp-block-heading\">S\u00e9curit\u00e9<\/h3>\n\n\n\n<p>Pour nous, la s\u00e9curit\u00e9 passe avant tout. Nos chauffeuses et chauffeurs sont bien form\u00e9s et b\u00e9n\u00e9ficient de formations r\u00e9guli\u00e8res. En outre, nous formons toujours trois ou quatre apprentis-chauffeurs\/chauffeuses.<\/p>\n<\/div><\/div>\n<\/div><\/div>\n<\/div><\/div>\n","protected":false},"excerpt":{"rendered":"<p>La flotte de v\u00e9hicules Hurni transporte tout, ou presque tout, gr\u00e2ce \u00e0 nos v\u00e9hicules vari\u00e9s et modernes ainsi qu\u2019\u00e0 nos chauffeurs et chauffeuses bien form\u00e9s.&hellip;<\/p>\n","protected":false},"author":2,"featured_media":753,"parent":731,"menu_order":170,"comment_status":"closed","ping_status":"closed","template":"","meta":{"inline_featured_image":false,"_uag_custom_page_level_css":"","pgc_sgb_lightbox_settings":"","footnotes":""},"class_list":["post-963","page","type-page","status-publish","has-post-thumbnail","hentry"],"aioseo_notices":[],"uagb_featured_image_src":{"full":["https:\/\/www.hurni-kies-beton.ch\/wp-content\/uploads\/sites\/2\/2021\/11\/Header_Transporte.jpg",1500,500,false],"thumbnail":["https:\/\/www.hurni-kies-beton.ch\/wp-content\/uploads\/sites\/2\/2021\/11\/Header_Transporte-150x150.jpg",150,150,true],"medium":["https:\/\/www.hurni-kies-beton.ch\/wp-content\/uploads\/sites\/2\/2021\/11\/Header_Transporte-300x100.jpg",300,100,true],"medium_large":["https:\/\/www.hurni-kies-beton.ch\/wp-content\/uploads\/sites\/2\/2021\/11\/Header_Transporte-768x256.jpg",768,256,true],"large":["https:\/\/www.hurni-kies-beton.ch\/wp-content\/uploads\/sites\/2\/2021\/11\/Header_Transporte-1024x341.jpg",843,281,true],"1536x1536":["https:\/\/www.hurni-kies-beton.ch\/wp-content\/uploads\/sites\/2\/2021\/11\/Header_Transporte.jpg",1500,500,false],"2048x2048":["https:\/\/www.hurni-kies-beton.ch\/wp-content\/uploads\/sites\/2\/2021\/11\/Header_Transporte.jpg",1500,500,false]},"uagb_author_info":{"display_name":"gffh","author_link":"https:\/\/www.hurni-kies-beton.ch\/fr\/author\/gffh\/"},"uagb_comment_info":0,"uagb_excerpt":"La flotte de v\u00e9hicules Hurni transporte tout, ou presque tout, gr\u00e2ce \u00e0 nos v\u00e9hicules vari\u00e9s et modernes ainsi qu\u2019\u00e0 nos chauffeurs et chauffeuses bien form\u00e9s.&hellip;","_links":{"self":[{"href":"https:\/\/www.hurni-kies-beton.ch\/fr\/wp-json\/wp\/v2\/pages\/963","targetHints":{"allow":["GET"]}}],"collection":[{"href":"https:\/\/www.hurni-kies-beton.ch\/fr\/wp-json\/wp\/v2\/pages"}],"about":[{"href":"https:\/\/www.hurni-kies-beton.ch\/fr\/wp-json\/wp\/v2\/types\/page"}],"author":[{"embeddable":true,"href":"https:\/\/www.hurni-kies-beton.ch\/fr\/wp-json\/wp\/v2\/users\/2"}],"replies":[{"embeddable":true,"href":"https:\/\/www.hurni-kies-beton.ch\/fr\/wp-json\/wp\/v2\/comments?post=963"}],"version-history":[{"count":4,"href":"https:\/\/www.hurni-kies-beton.ch\/fr\/wp-json\/wp\/v2\/pages\/963\/revisions"}],"predecessor-version":[{"id":1136,"href":"https:\/\/www.hurni-kies-beton.ch\/fr\/wp-json\/wp\/v2\/pages\/963\/revisions\/1136"}],"up":[{"embeddable":true,"href":"https:\/\/www.hurni-kies-beton.ch\/fr\/wp-json\/wp\/v2\/pages\/731"}],"wp:featuredmedia":[{"embeddable":true,"href":"https:\/\/www.hurni-kies-beton.ch\/fr\/wp-json\/wp\/v2\/media\/753"}],"wp:attachment":[{"href":"https:\/\/www.hurni-kies-beton.ch\/fr\/wp-json\/wp\/v2\/media?parent=963"}],"curies":[{"name":"wp","href":"https:\/\/api.w.org\/{rel}","templated":true}]}}