{"id":731,"date":"2021-11-19T17:05:09","date_gmt":"2021-11-19T16:05:09","guid":{"rendered":"https:\/\/www.hurni-kies-beton.ch\/angebote\/"},"modified":"2023-12-11T10:53:33","modified_gmt":"2023-12-11T09:53:33","slug":"offre","status":"publish","type":"page","link":"https:\/\/www.hurni-kies-beton.ch\/fr\/","title":{"rendered":"HURNI \u2013 Gravier et b\u00e9ton"},"content":{"rendered":"\n<div class=\"wp-block-group alignfull has-white-background-color has-background\"><div class=\"wp-block-group__inner-container is-layout-flow wp-block-group-is-layout-flow\">\n<div class=\"wp-block-group\"><div class=\"wp-block-group__inner-container is-layout-flow wp-block-group-is-layout-flow\">\n<h2 class=\"wp-block-heading\" id=\"top\">Mat\u00e9riaux pour habiter, vivre, se d\u00e9placer et plus encore<\/h2>\n\n\n\n<p class=\"lead\">Maisons, places, routes, ponts, lignes ferroviaires: la Suisse grandit, b\u00e2tit et r\u00e9nove.<\/p>\n<\/div><\/div>\n<\/div><\/div>\n\n\n\n<div class=\"wp-block-group alignfull has-gray-light-background-color has-background\"><div class=\"wp-block-group__inner-container is-layout-flow wp-block-group-is-layout-flow\">\n<div class=\"wp-block-group\"><div class=\"wp-block-group__inner-container is-layout-flow wp-block-group-is-layout-flow\">\n<div class=\"wp-block-columns is-layout-flex wp-container-core-columns-is-layout-9d6595d7 wp-block-columns-is-layout-flex\">\n<div class=\"wp-block-column is-layout-flow wp-block-column-is-layout-flow\" style=\"flex-basis:70%\">\n<p>Hurni livre les mati\u00e8res premi\u00e8res: gravier, b\u00e9ton frais et d\u00e9chets de chantier recycl\u00e9s. Transport\u00e9es avec soin, par de courts trajets et de mani\u00e8re \u00e9cologique jusqu\u2019aux chantiers de construction \u2013 par amour pour l\u2019homme et l\u2019environnement.<\/p>\n<\/div>\n<\/div>\n\n\n\n<div class=\"wp-block-columns tile-columns is-layout-flex wp-container-core-columns-is-layout-9d6595d7 wp-block-columns-is-layout-flex\">\n<div class=\"wp-block-column is-layout-flow wp-block-column-is-layout-flow\">\n<figure class=\"wp-block-image size-full\"><a href=\"\/fr\/offre\/gravier\/\"><img loading=\"lazy\" decoding=\"async\" width=\"400\" height=\"300\" src=\"\/wp-content\/uploads\/sites\/2\/2021\/11\/Kies.jpg\" alt=\"\" class=\"wp-image-53\" srcset=\"https:\/\/www.hurni-kies-beton.ch\/wp-content\/uploads\/sites\/2\/2021\/11\/Kies.jpg 400w, https:\/\/www.hurni-kies-beton.ch\/wp-content\/uploads\/sites\/2\/2021\/11\/Kies-300x225.jpg 300w\" sizes=\"auto, (max-width: 400px) 100vw, 400px\" \/><\/a><\/figure>\n\n\n\n<h3 class=\"wp-block-heading\"><a href=\"\/fr\/offre\/gravier\/\" title=\"\">Gravier<\/a><\/h3>\n<\/div>\n\n\n\n<div class=\"wp-block-column is-layout-flow wp-block-column-is-layout-flow\">\n<figure class=\"wp-block-image size-full\"><a class=\"\" href=\"\/fr\/offre\/beton\/\"><img loading=\"lazy\" decoding=\"async\" width=\"400\" height=\"300\" src=\"\/wp-content\/uploads\/sites\/2\/2021\/11\/Beton.jpg\" alt=\"\" class=\"wp-image-52\" srcset=\"https:\/\/www.hurni-kies-beton.ch\/wp-content\/uploads\/sites\/2\/2021\/11\/Beton.jpg 400w, https:\/\/www.hurni-kies-beton.ch\/wp-content\/uploads\/sites\/2\/2021\/11\/Beton-300x225.jpg 300w\" sizes=\"auto, (max-width: 400px) 100vw, 400px\" \/><\/a><\/figure>\n\n\n\n<h3 class=\"wp-block-heading\"><a href=\"\/fr\/offre\/beton\/\" title=\"\">B\u00e9ton<\/a><\/h3>\n<\/div>\n\n\n\n<div class=\"wp-block-column is-layout-flow wp-block-column-is-layout-flow\">\n<figure class=\"wp-block-image size-full\"><a href=\"\/fr\/offre\/materiaux-de-construction-rc\/\"><img loading=\"lazy\" decoding=\"async\" width=\"400\" height=\"300\" src=\"\/wp-content\/uploads\/sites\/2\/2021\/11\/RCBaustoffe.jpg\" alt=\"\" class=\"wp-image-62\" srcset=\"https:\/\/www.hurni-kies-beton.ch\/wp-content\/uploads\/sites\/2\/2021\/11\/RCBaustoffe.jpg 400w, https:\/\/www.hurni-kies-beton.ch\/wp-content\/uploads\/sites\/2\/2021\/11\/RCBaustoffe-300x225.jpg 300w\" sizes=\"auto, (max-width: 400px) 100vw, 400px\" \/><\/a><\/figure>\n\n\n\n<h3 class=\"wp-block-heading\"><a href=\"\/fr\/offre\/materiaux-de-construction-rc\/\" title=\"\">Mat\u00e9riaux de construction RC<\/a><\/h3>\n<\/div>\n\n\n\n<div class=\"wp-block-column is-layout-flow wp-block-column-is-layout-flow\">\n<figure class=\"wp-block-image size-full\"><a href=\"\/fr\/offre\/decharge\/\"><img loading=\"lazy\" decoding=\"async\" width=\"400\" height=\"300\" src=\"\/wp-content\/uploads\/sites\/2\/2021\/11\/Deponie.jpg\" alt=\"\" class=\"wp-image-61\" srcset=\"https:\/\/www.hurni-kies-beton.ch\/wp-content\/uploads\/sites\/2\/2021\/11\/Deponie.jpg 400w, https:\/\/www.hurni-kies-beton.ch\/wp-content\/uploads\/sites\/2\/2021\/11\/Deponie-300x225.jpg 300w\" sizes=\"auto, (max-width: 400px) 100vw, 400px\" \/><\/a><\/figure>\n\n\n\n<h3 class=\"wp-block-heading\"><a href=\"\/fr\/offre\/decharge\/\" title=\"\">D\u00e9charge<\/a><\/h3>\n<\/div>\n<\/div>\n\n\n\n<div class=\"wp-block-columns tile-columns is-layout-flex wp-container-core-columns-is-layout-9d6595d7 wp-block-columns-is-layout-flex\">\n<div class=\"wp-block-column is-layout-flow wp-block-column-is-layout-flow\">\n<figure class=\"wp-block-image size-full\"><a href=\"\/fr\/offre\/revalorisation-du-sol\/\"><img loading=\"lazy\" decoding=\"async\" width=\"400\" height=\"300\" src=\"\/wp-content\/uploads\/sites\/2\/2021\/11\/Bodenverwertung.jpg\" alt=\"\" class=\"wp-image-60\" srcset=\"https:\/\/www.hurni-kies-beton.ch\/wp-content\/uploads\/sites\/2\/2021\/11\/Bodenverwertung.jpg 400w, https:\/\/www.hurni-kies-beton.ch\/wp-content\/uploads\/sites\/2\/2021\/11\/Bodenverwertung-300x225.jpg 300w\" sizes=\"auto, (max-width: 400px) 100vw, 400px\" \/><\/a><\/figure>\n\n\n\n<h3 class=\"wp-block-heading\"><a href=\"\/fr\/offre\/revalorisation-du-sol\/\" title=\"\">Revalorisation du sol<\/a><\/h3>\n<\/div>\n\n\n\n<div class=\"wp-block-column is-layout-flow wp-block-column-is-layout-flow\">\n<figure class=\"wp-block-image size-full\"><a href=\"\/fr\/offre\/logistique-de-materiaux\/\"><img loading=\"lazy\" decoding=\"async\" width=\"400\" height=\"300\" src=\"\/wp-content\/uploads\/sites\/2\/2021\/11\/Materiallogistik.jpg\" alt=\"\" class=\"wp-image-59\" srcset=\"https:\/\/www.hurni-kies-beton.ch\/wp-content\/uploads\/sites\/2\/2021\/11\/Materiallogistik.jpg 400w, https:\/\/www.hurni-kies-beton.ch\/wp-content\/uploads\/sites\/2\/2021\/11\/Materiallogistik-300x225.jpg 300w\" sizes=\"auto, (max-width: 400px) 100vw, 400px\" \/><\/a><\/figure>\n\n\n\n<h3 class=\"wp-block-heading\"><a href=\"\/fr\/offre\/logistique-de-materiaux\/\" title=\"\">Logistique de mat\u00e9riaux<\/a><\/h3>\n<\/div>\n\n\n\n<div class=\"wp-block-column is-layout-flow wp-block-column-is-layout-flow\">\n<figure class=\"wp-block-image size-full\"><a href=\"\/fr\/offre\/transportes\/\"><img loading=\"lazy\" decoding=\"async\" width=\"400\" height=\"300\" src=\"\/wp-content\/uploads\/sites\/2\/2022\/12\/transport2.jpg\" alt=\"\" class=\"wp-image-1018\" srcset=\"https:\/\/www.hurni-kies-beton.ch\/wp-content\/uploads\/sites\/2\/2022\/12\/transport2.jpg 400w, https:\/\/www.hurni-kies-beton.ch\/wp-content\/uploads\/sites\/2\/2022\/12\/transport2-300x225.jpg 300w\" sizes=\"auto, (max-width: 400px) 100vw, 400px\" \/><\/a><\/figure>\n\n\n\n<h3 class=\"wp-block-heading\"><a href=\"\/fr\/offre\/transportes\/\" title=\"\">Transportes<\/a><\/h3>\n<\/div>\n\n\n\n<div class=\"wp-block-column is-layout-flow wp-block-column-is-layout-flow\"><\/div>\n<\/div>\n<\/div><\/div>\n<\/div><\/div>\n\n\n\n<div class=\"wp-block-group alignfull\"><div class=\"wp-block-group__inner-container is-layout-constrained wp-block-group-is-layout-constrained\">\n<div class=\"wp-block-group\"><div class=\"wp-block-group__inner-container is-layout-constrained wp-block-group-is-layout-constrained\">\n<h2 class=\"wp-block-heading\">Cycle de sol<\/h2>\n\n\n\n<div class=\"wp-block-columns is-layout-flex wp-container-core-columns-is-layout-9d6595d7 wp-block-columns-is-layout-flex\">\n<div class=\"wp-block-column is-layout-flow wp-block-column-is-layout-flow\">\n<figure class=\"wp-block-image size-large\"><a href=\"https:\/\/www.hurni-kies-beton.ch\/wp-content\/uploads\/sites\/2\/2023\/11\/HURNI_CycleSol-2.png\"><img loading=\"lazy\" decoding=\"async\" width=\"1024\" height=\"585\" src=\"https:\/\/www.hurni-kies-beton.ch\/wp-content\/uploads\/sites\/2\/2023\/11\/HURNI_CycleSol-2-1024x585.png\" alt=\"\" class=\"wp-image-1328\" srcset=\"https:\/\/www.hurni-kies-beton.ch\/wp-content\/uploads\/sites\/2\/2023\/11\/HURNI_CycleSol-2-1024x585.png 1024w, https:\/\/www.hurni-kies-beton.ch\/wp-content\/uploads\/sites\/2\/2023\/11\/HURNI_CycleSol-2-300x171.png 300w, https:\/\/www.hurni-kies-beton.ch\/wp-content\/uploads\/sites\/2\/2023\/11\/HURNI_CycleSol-2-768x439.png 768w, https:\/\/www.hurni-kies-beton.ch\/wp-content\/uploads\/sites\/2\/2023\/11\/HURNI_CycleSol-2-1536x877.png 1536w, https:\/\/www.hurni-kies-beton.ch\/wp-content\/uploads\/sites\/2\/2023\/11\/HURNI_CycleSol-2-2048x1170.png 2048w\" sizes=\"auto, (max-width: 1024px) 100vw, 1024px\" \/><\/a><\/figure>\n<\/div>\n\n\n\n<div class=\"wp-block-column is-layout-flow wp-block-column-is-layout-flow\"><div ><style>#sp-ea-1352 .spcollapsing { height: 0; overflow: hidden; transition-property: height;transition-duration: 300ms;}#sp-ea-1352.sp-easy-accordion>.sp-ea-single {margin-bottom: 10px; border: 0px solid #e2e2e2; }#sp-ea-1352.sp-easy-accordion>.sp-ea-single>.ea-header a {color: #444;}#sp-ea-1352.sp-easy-accordion>.sp-ea-single>.sp-collapse>.ea-body {background: #fff; color: #444;}#sp-ea-1352.sp-easy-accordion>.sp-ea-single {background: #eee;}#sp-ea-1352.sp-easy-accordion>.sp-ea-single>.ea-header a .ea-expand-icon { float: left; color: #444;font-size: 16px;}<\/style><div id=\"sp_easy_accordion-1702287299\"><div id=\"sp-ea-1352\" class=\"sp-ea-one sp-easy-accordion\" data-ea-active=\"ea-click\" data-ea-mode=\"vertical\" data-preloader=\"\" data-scroll-active-item=\"\" data-offset-to-scroll=\"0\"><div class=\"ea-card sp-ea-single\"><h3 class=\"ea-header\"><a class=\"collapsed\" id=\"ea-header-13520\" role=\"button\" data-sptoggle=\"spcollapse\" data-sptarget=\"#collapse13520\" aria-controls=\"collapse13520\" href=\"#\" aria-expanded=\"false\" tabindex=\"0\"><i aria-hidden=\"true\" role=\"presentation\" class=\"ea-expand-icon eap-icon-ea-expand-plus\"><\/i> EXCAVATION<\/a><\/h3><div class=\"sp-collapse spcollapse spcollapse\" id=\"collapse13520\" data-parent=\"#sp-ea-1352\" role=\"region\" aria-labelledby=\"ea-header-13520\"> <div class=\"ea-body\"><p>Une excavation pr\u00e9cise est une bonne condition pr\u00e9alable pour le recyclage des mat\u00e9riaux du sol. L\u2019excavation est l\u2019une des comp\u00e9tences cl\u00e9s de Hurni, gr\u00e2ce \u00e0 des conducteurs d\u2019engins exp\u00e9riment\u00e9s et \u00e0 un parc de machines de pointe. Pour assurer le travail le plus pr\u00e9cis possible, les pelleteuses sont \u00e9quip\u00e9es d\u2019un syst\u00e8me GPS.<\/p><\/div><\/div><\/div><div class=\"ea-card sp-ea-single\"><h3 class=\"ea-header\"><a class=\"collapsed\" id=\"ea-header-13521\" role=\"button\" data-sptoggle=\"spcollapse\" data-sptarget=\"#collapse13521\" aria-controls=\"collapse13521\" href=\"#\" aria-expanded=\"false\" tabindex=\"0\"><i aria-hidden=\"true\" role=\"presentation\" class=\"ea-expand-icon eap-icon-ea-expand-plus\"><\/i> \u00c9VALUATION ET TRIAGE<\/a><\/h3><div class=\"sp-collapse spcollapse spcollapse\" id=\"collapse13521\" data-parent=\"#sp-ea-1352\" role=\"region\" aria-labelledby=\"ea-header-13521\"> <div class=\"ea-body\"><p>Les mat\u00e9riaux terreux exc\u00e9dentaires provenant des activit\u00e9s de construction sont r\u00e9ceptionn\u00e9s, contr\u00f4l\u00e9s, class\u00e9s, et tri\u00e9s. En fonction de leur qualit\u00e9, ils sont ensuite trait\u00e9s ou recycl\u00e9s \u00e0 des fins diff\u00e9rentes. Les mat\u00e9riaux, qui ne peuvent pas \u00eatre trait\u00e9s et recycl\u00e9s, sont envoy\u00e9s dans des d\u00e9charges pr\u00e9vues \u00e0 cet effet.<\/p><\/div><\/div><\/div><div class=\"ea-card sp-ea-single\"><h3 class=\"ea-header\"><a class=\"collapsed\" id=\"ea-header-13522\" role=\"button\" data-sptoggle=\"spcollapse\" data-sptarget=\"#collapse13522\" aria-controls=\"collapse13522\" href=\"#\" aria-expanded=\"false\" tabindex=\"0\"><i aria-hidden=\"true\" role=\"presentation\" class=\"ea-expand-icon eap-icon-ea-expand-plus\"><\/i> REVALORISATION DES SOLS<\/a><\/h3><div class=\"sp-collapse spcollapse spcollapse\" id=\"collapse13522\" data-parent=\"#sp-ea-1352\" role=\"region\" aria-labelledby=\"ea-header-13522\"> <div class=\"ea-body\"><p>Il existe une forte demande de mat\u00e9riaux terreux pour la revalorisation des terres agricoles d\u00e9grad\u00e9es, en particulier dans le Seeland. Dans de nombreux endroits, les sols se sont consid\u00e9rablement affaiss\u00e9s et leur qualit\u00e9 est insuffisante. Les mat\u00e9riaux terreux de bonne qualit\u00e9 provenant des travaux d\u2019excavation permettent d\u2019augmenter la fertilit\u00e9.<\/p><\/div><\/div><\/div><div class=\"ea-card sp-ea-single\"><h3 class=\"ea-header\"><a class=\"collapsed\" id=\"ea-header-13523\" role=\"button\" data-sptoggle=\"spcollapse\" data-sptarget=\"#collapse13523\" aria-controls=\"collapse13523\" href=\"#\" aria-expanded=\"false\" tabindex=\"0\"><i aria-hidden=\"true\" role=\"presentation\" class=\"ea-expand-icon eap-icon-ea-expand-plus\"><\/i> TRAITEMENT DES MAT\u00c9RIAUX TERREUX<\/a><\/h3><div class=\"sp-collapse spcollapse spcollapse\" id=\"collapse13523\" data-parent=\"#sp-ea-1352\" role=\"region\" aria-labelledby=\"ea-header-13523\"> <div class=\"ea-body\"><p>Apr\u00e8s le triage, les mat\u00e9riaux terreux sont trait\u00e9s. Les corps \u00e9trangers, tels que les pierres, les racines ou d\u2019autres mati\u00e8res \u00e9trang\u00e8res, sont \u00e9limin\u00e9s m\u00e9caniquement, le sol est tamis\u00e9 et, en fonction de sa qualit\u00e9 et de l\u2019utilisation pr\u00e9vue, trait\u00e9 et stock\u00e9 jusqu\u2019\u00e0 ce qu\u2019il atteigne la qualit\u00e9 appropri\u00e9e.<\/p><\/div><\/div><\/div><div class=\"ea-card sp-ea-single\"><h3 class=\"ea-header\"><a class=\"collapsed\" id=\"ea-header-13524\" role=\"button\" data-sptoggle=\"spcollapse\" data-sptarget=\"#collapse13524\" aria-controls=\"collapse13524\" href=\"#\" aria-expanded=\"false\" tabindex=\"0\"><i aria-hidden=\"true\" role=\"presentation\" class=\"ea-expand-icon eap-icon-ea-expand-plus\"><\/i> D\u00c9CHARGE<\/a><\/h3><div class=\"sp-collapse spcollapse spcollapse\" id=\"collapse13524\" data-parent=\"#sp-ea-1352\" role=\"region\" aria-labelledby=\"ea-header-13524\"> <div class=\"ea-body\"><p>Les terres non recyclables issues des travaux d\u2019excavation sont \u00e9limin\u00e9es de mani\u00e8re \u00e9cologique et d\u00e9pos\u00e9es dans des d\u00e9charges strictement contr\u00f4l\u00e9es. Seuls des mat\u00e9riaux terreux non pollu\u00e9s et \u00e9cologiquement inoffensifs sont d\u00e9pos\u00e9s dans les d\u00e9charges.<\/p><\/div><\/div><\/div><\/div><\/div><\/div><\/div>\n<\/div>\n<\/div><\/div>\n<\/div><\/div>\n","protected":false},"excerpt":{"rendered":"<p>Mat\u00e9riaux pour habiter, vivre, se d\u00e9placer et plus encore Maisons, places, routes, ponts, lignes ferroviaires: la Suisse grandit, b\u00e2tit et r\u00e9nove. Hurni livre les mati\u00e8res&hellip;<\/p>\n","protected":false},"author":1,"featured_media":709,"parent":0,"menu_order":100,"comment_status":"closed","ping_status":"closed","template":"","meta":{"inline_featured_image":false,"_uag_custom_page_level_css":"","pgc_sgb_lightbox_settings":"","footnotes":""},"class_list":["post-731","page","type-page","status-publish","has-post-thumbnail","hentry"],"aioseo_notices":[],"uagb_featured_image_src":{"full":["https:\/\/www.hurni-kies-beton.ch\/wp-content\/uploads\/sites\/2\/2021\/11\/Header_HurniKiesBeton.jpg",1500,600,false],"thumbnail":["https:\/\/www.hurni-kies-beton.ch\/wp-content\/uploads\/sites\/2\/2021\/11\/Header_HurniKiesBeton-150x150.jpg",150,150,true],"medium":["https:\/\/www.hurni-kies-beton.ch\/wp-content\/uploads\/sites\/2\/2021\/11\/Header_HurniKiesBeton-300x120.jpg",300,120,true],"medium_large":["https:\/\/www.hurni-kies-beton.ch\/wp-content\/uploads\/sites\/2\/2021\/11\/Header_HurniKiesBeton-768x307.jpg",768,307,true],"large":["https:\/\/www.hurni-kies-beton.ch\/wp-content\/uploads\/sites\/2\/2021\/11\/Header_HurniKiesBeton-1024x410.jpg",843,338,true],"1536x1536":["https:\/\/www.hurni-kies-beton.ch\/wp-content\/uploads\/sites\/2\/2021\/11\/Header_HurniKiesBeton.jpg",1500,600,false],"2048x2048":["https:\/\/www.hurni-kies-beton.ch\/wp-content\/uploads\/sites\/2\/2021\/11\/Header_HurniKiesBeton.jpg",1500,600,false]},"uagb_author_info":{"display_name":"a.suter","author_link":"https:\/\/www.hurni-kies-beton.ch\/fr\/author\/a-suter\/"},"uagb_comment_info":0,"uagb_excerpt":"Mat\u00e9riaux pour habiter, vivre, se d\u00e9placer et plus encore Maisons, places, routes, ponts, lignes ferroviaires: la Suisse grandit, b\u00e2tit et r\u00e9nove. Hurni livre les mati\u00e8res&hellip;","_links":{"self":[{"href":"https:\/\/www.hurni-kies-beton.ch\/fr\/wp-json\/wp\/v2\/pages\/731","targetHints":{"allow":["GET"]}}],"collection":[{"href":"https:\/\/www.hurni-kies-beton.ch\/fr\/wp-json\/wp\/v2\/pages"}],"about":[{"href":"https:\/\/www.hurni-kies-beton.ch\/fr\/wp-json\/wp\/v2\/types\/page"}],"author":[{"embeddable":true,"href":"https:\/\/www.hurni-kies-beton.ch\/fr\/wp-json\/wp\/v2\/users\/1"}],"replies":[{"embeddable":true,"href":"https:\/\/www.hurni-kies-beton.ch\/fr\/wp-json\/wp\/v2\/comments?post=731"}],"version-history":[{"count":27,"href":"https:\/\/www.hurni-kies-beton.ch\/fr\/wp-json\/wp\/v2\/pages\/731\/revisions"}],"predecessor-version":[{"id":1368,"href":"https:\/\/www.hurni-kies-beton.ch\/fr\/wp-json\/wp\/v2\/pages\/731\/revisions\/1368"}],"wp:featuredmedia":[{"embeddable":true,"href":"https:\/\/www.hurni-kies-beton.ch\/fr\/wp-json\/wp\/v2\/media\/709"}],"wp:attachment":[{"href":"https:\/\/www.hurni-kies-beton.ch\/fr\/wp-json\/wp\/v2\/media?parent=731"}],"curies":[{"name":"wp","href":"https:\/\/api.w.org\/{rel}","templated":true}]}}