{"id":1076,"date":"2021-12-02T22:15:54","date_gmt":"2021-12-02T21:15:54","guid":{"rendered":"https:\/\/www.hurni-kies-beton.ch\/?page_id=1076"},"modified":"2022-12-19T12:01:45","modified_gmt":"2022-12-19T11:01:45","slug":"references","status":"publish","type":"page","link":"https:\/\/www.hurni-kies-beton.ch\/fr\/references\/","title":{"rendered":"R\u00e9f\u00e9rences"},"content":{"rendered":"\n<div class=\"wp-block-group alignfull has-white-background-color has-background\"><div class=\"wp-block-group__inner-container is-layout-flow wp-block-group-is-layout-flow\">\n<div class=\"wp-block-group\"><div class=\"wp-block-group__inner-container is-layout-flow wp-block-group-is-layout-flow\">\n<p class=\"lead\">Nos r\u00e9f\u00e9rences en mati\u00e8re de gravier et de b\u00e9ton<\/p>\n<\/div><\/div>\n<\/div><\/div>\n\n\n\n<div class=\"wp-block-group alignfull has-gray-light-background-color has-background\"><div class=\"wp-block-group__inner-container is-layout-flow wp-block-group-is-layout-flow\">\n<div class=\"wp-block-group\"><div class=\"wp-block-group__inner-container is-layout-flow wp-block-group-is-layout-flow\">\n<div class=\"wp-block-media-text alignwide is-stacked-on-mobile is-vertically-aligned-top hurni-media-text\" style=\"grid-template-columns:35% auto\"><figure class=\"wp-block-media-text__media\"><img loading=\"lazy\" decoding=\"async\" width=\"400\" height=\"300\" src=\"\/wp-content\/uploads\/sites\/2\/2022\/12\/Referenzen_Bodenverwertung-Kallnach.jpg\" alt=\"\" class=\"wp-image-954 size-full\" srcset=\"https:\/\/www.hurni-kies-beton.ch\/wp-content\/uploads\/sites\/2\/2022\/12\/Referenzen_Bodenverwertung-Kallnach.jpg 400w, https:\/\/www.hurni-kies-beton.ch\/wp-content\/uploads\/sites\/2\/2022\/12\/Referenzen_Bodenverwertung-Kallnach-300x225.jpg 300w\" sizes=\"auto, (max-width: 400px) 100vw, 400px\" \/><\/figure><div class=\"wp-block-media-text__content\">\n<h2 class=\"wp-block-heading\">Valorisation des sols \u00e0 Ch\u00e4ppeli, Kallnach<\/h2>\n\n\n\n<p>Sur une surface autoris\u00e9e de 15,67 ha, des mat\u00e9riaux terreux appropri\u00e9s sont amen\u00e9s en vue de valorisation des surfaces d\u00e9grad\u00e9es (stagnation de l\u2019eau, d\u00e9pression du terrain, sols lourds avec drainage inad\u00e9quat).<\/p>\n\n\n\n<div class=\"wp-block-file\"><a id=\"wp-block-file--media-1fa727f5-552e-4b66-9a6b-fa9b85de17f3\" href=\"\/wp-content\/uploads\/sites\/2\/2022\/12\/Referenz_Baustoffe_Kulturland_FR.pdf\" target=\"_blank\" rel=\"noreferrer noopener\">T\u00e9l\u00e9charger la r\u00e9f\u00e9rence \u00ab\u00a0Valorisation des sols \u00e0 Ch\u00e4ppeli, Kallnach\u00a0\u00bb comme fichier PDF<\/a><\/div>\n<\/div><\/div>\n<\/div><\/div>\n<\/div><\/div>\n\n\n\n<div class=\"wp-block-group alignfull has-white-background-color has-background\"><div class=\"wp-block-group__inner-container is-layout-flow wp-block-group-is-layout-flow\">\n<div class=\"wp-block-group\"><div class=\"wp-block-group__inner-container is-layout-flow wp-block-group-is-layout-flow\">\n<div class=\"wp-block-media-text alignwide is-stacked-on-mobile is-vertically-aligned-top hurni-media-text\" style=\"grid-template-columns:35% auto\"><figure class=\"wp-block-media-text__media\"><img loading=\"lazy\" decoding=\"async\" width=\"400\" height=\"300\" src=\"\/wp-content\/uploads\/sites\/2\/2022\/12\/Referenz_Brueggmoos.jpg\" alt=\"\" class=\"wp-image-956 size-full\" srcset=\"https:\/\/www.hurni-kies-beton.ch\/wp-content\/uploads\/sites\/2\/2022\/12\/Referenz_Brueggmoos.jpg 400w, https:\/\/www.hurni-kies-beton.ch\/wp-content\/uploads\/sites\/2\/2022\/12\/Referenz_Brueggmoos-300x225.jpg 300w\" sizes=\"auto, (max-width: 400px) 100vw, 400px\" \/><\/figure><div class=\"wp-block-media-text__content\">\n<h2 class=\"wp-block-heading\">Raccordement de l\u2019A5 aux Marais-de-Br\u00fcgg<\/h2>\n\n\n\n<p>Un noeud autoroutier impressionnant a vu le jour \u00e0 Br\u00fcgg. La nouvelle jonction compl\u00e8te \u00abBr\u00fcgg\u00bb, ainsi que la demijonction \u00abBienne-Sud\u00bb sont une partie importante du contournement autoroutier de Bienne par l\u2019A5.<\/p>\n\n\n\n<div class=\"wp-block-file\"><a id=\"wp-block-file--media-484cf0d1-c2a7-4cfb-9f5b-6ac6839334e0\" href=\"\/wp-content\/uploads\/sites\/2\/2022\/12\/Referenz_Baustoffe_Brugg_FR.pdf\" target=\"_blank\" rel=\"noreferrer noopener\">T\u00e9l\u00e9charger la r\u00e9f\u00e9rence \u00ab\u00a0Raccordement de l\u2019A5 aux Marais-de-Br\u00fcgg\u00a0\u00bb comme fichier PDF<\/a><\/div>\n<\/div><\/div>\n<\/div><\/div>\n<\/div><\/div>\n\n\n\n<div class=\"wp-block-group alignfull has-gray-light-background-color has-background\"><div class=\"wp-block-group__inner-container is-layout-flow wp-block-group-is-layout-flow\">\n<div class=\"wp-block-group\"><div class=\"wp-block-group__inner-container is-layout-flow wp-block-group-is-layout-flow\">\n<div class=\"wp-block-media-text alignwide is-stacked-on-mobile is-vertically-aligned-top hurni-media-text\" style=\"grid-template-columns:35% auto\"><figure class=\"wp-block-media-text__media\"><img loading=\"lazy\" decoding=\"async\" width=\"400\" height=\"300\" src=\"\/wp-content\/uploads\/sites\/2\/2022\/12\/Referenzen_Bodenaufwertung.jpg\" alt=\"\" class=\"wp-image-959 size-full\" srcset=\"https:\/\/www.hurni-kies-beton.ch\/wp-content\/uploads\/sites\/2\/2022\/12\/Referenzen_Bodenaufwertung.jpg 400w, https:\/\/www.hurni-kies-beton.ch\/wp-content\/uploads\/sites\/2\/2022\/12\/Referenzen_Bodenaufwertung-300x225.jpg 300w\" sizes=\"auto, (max-width: 400px) 100vw, 400px\" \/><\/figure><div class=\"wp-block-media-text__content\">\n<h2 class=\"wp-block-heading\">Valorisation des sols de terres cultiv\u00e9es<\/h2>\n\n\n\n<p>Sur une surface autoris\u00e9e de 15,67 ha, des mat\u00e9riaux terreux appropri\u00e9s sont amen\u00e9s en vue de valorisation des surfaces d\u00e9grad\u00e9es (stagnation de l\u2019eau, d\u00e9pression du terrain, sols lourds avec drainage inad\u00e9quat).<\/p>\n\n\n\n<div class=\"wp-block-file\"><a id=\"wp-block-file--media-76c95eef-dcbc-4500-bf07-1ab2937fa691\" href=\"\/wp-content\/uploads\/sites\/2\/2022\/12\/Referenz_Baustoffe_Kulturland_FR-1.pdf\" target=\"_blank\" rel=\"noreferrer noopener\">T\u00e9l\u00e9charger la r\u00e9f\u00e9rence \u00ab\u00a0Valorisation des sols de terres cultiv\u00e9es\u00a0\u00bb comme fichier PDF<\/a><\/div>\n<\/div><\/div>\n<\/div><\/div>\n<\/div><\/div>\n","protected":false},"excerpt":{"rendered":"<p>Nos r\u00e9f\u00e9rences en mati\u00e8re de gravier et de b\u00e9ton Valorisation des sols \u00e0 Ch\u00e4ppeli, Kallnach Sur une surface autoris\u00e9e de 15,67 ha, des mat\u00e9riaux terreux&hellip;<\/p>\n","protected":false},"author":2,"featured_media":781,"parent":0,"menu_order":500,"comment_status":"closed","ping_status":"closed","template":"","meta":{"inline_featured_image":false,"_uag_custom_page_level_css":"","pgc_sgb_lightbox_settings":"","footnotes":""},"class_list":["post-1076","page","type-page","status-publish","has-post-thumbnail","hentry"],"aioseo_notices":[],"uagb_featured_image_src":{"full":["https:\/\/www.hurni-kies-beton.ch\/wp-content\/uploads\/sites\/2\/2021\/12\/header1-1-scaled.jpg",2560,853,false],"thumbnail":["https:\/\/www.hurni-kies-beton.ch\/wp-content\/uploads\/sites\/2\/2021\/12\/header1-1-150x150.jpg",150,150,true],"medium":["https:\/\/www.hurni-kies-beton.ch\/wp-content\/uploads\/sites\/2\/2021\/12\/header1-1-300x100.jpg",300,100,true],"medium_large":["https:\/\/www.hurni-kies-beton.ch\/wp-content\/uploads\/sites\/2\/2021\/12\/header1-1-768x256.jpg",768,256,true],"large":["https:\/\/www.hurni-kies-beton.ch\/wp-content\/uploads\/sites\/2\/2021\/12\/header1-1-1024x341.jpg",843,281,true],"1536x1536":["https:\/\/www.hurni-kies-beton.ch\/wp-content\/uploads\/sites\/2\/2021\/12\/header1-1-1536x512.jpg",1536,512,true],"2048x2048":["https:\/\/www.hurni-kies-beton.ch\/wp-content\/uploads\/sites\/2\/2021\/12\/header1-1-2048x683.jpg",2048,683,true]},"uagb_author_info":{"display_name":"gffh","author_link":"https:\/\/www.hurni-kies-beton.ch\/fr\/author\/gffh\/"},"uagb_comment_info":0,"uagb_excerpt":"Nos r\u00e9f\u00e9rences en mati\u00e8re de gravier et de b\u00e9ton Valorisation des sols \u00e0 Ch\u00e4ppeli, Kallnach Sur une surface autoris\u00e9e de 15,67 ha, des mat\u00e9riaux terreux&hellip;","_links":{"self":[{"href":"https:\/\/www.hurni-kies-beton.ch\/fr\/wp-json\/wp\/v2\/pages\/1076","targetHints":{"allow":["GET"]}}],"collection":[{"href":"https:\/\/www.hurni-kies-beton.ch\/fr\/wp-json\/wp\/v2\/pages"}],"about":[{"href":"https:\/\/www.hurni-kies-beton.ch\/fr\/wp-json\/wp\/v2\/types\/page"}],"author":[{"embeddable":true,"href":"https:\/\/www.hurni-kies-beton.ch\/fr\/wp-json\/wp\/v2\/users\/2"}],"replies":[{"embeddable":true,"href":"https:\/\/www.hurni-kies-beton.ch\/fr\/wp-json\/wp\/v2\/comments?post=1076"}],"version-history":[{"count":6,"href":"https:\/\/www.hurni-kies-beton.ch\/fr\/wp-json\/wp\/v2\/pages\/1076\/revisions"}],"predecessor-version":[{"id":1124,"href":"https:\/\/www.hurni-kies-beton.ch\/fr\/wp-json\/wp\/v2\/pages\/1076\/revisions\/1124"}],"wp:featuredmedia":[{"embeddable":true,"href":"https:\/\/www.hurni-kies-beton.ch\/fr\/wp-json\/wp\/v2\/media\/781"}],"wp:attachment":[{"href":"https:\/\/www.hurni-kies-beton.ch\/fr\/wp-json\/wp\/v2\/media?parent=1076"}],"curies":[{"name":"wp","href":"https:\/\/api.w.org\/{rel}","templated":true}]}}