{"id":1023,"date":"2021-11-30T22:04:27","date_gmt":"2021-11-30T21:04:27","guid":{"rendered":"https:\/\/www.hurni-kies-beton.ch\/?page_id=1023"},"modified":"2022-12-18T19:34:09","modified_gmt":"2022-12-18T18:34:09","slug":"logistique-de-materiaux","status":"publish","type":"page","link":"https:\/\/www.hurni-kies-beton.ch\/fr\/offre\/logistique-de-materiaux\/","title":{"rendered":"Logistique de mat\u00e9riaux \u2013 faire quelque chose de chaque pierre"},"content":{"rendered":"\n<div class=\"wp-block-group alignfull has-white-background-color has-background\"><div class=\"wp-block-group__inner-container is-layout-flow wp-block-group-is-layout-flow\">\n<div class=\"wp-block-group\"><div class=\"wp-block-group__inner-container is-layout-flow wp-block-group-is-layout-flow\">\n<p class=\"lead\">Durabilit\u00e9 n\u2019est pas un vain mot pour nous. Pour nous la logistique des mat\u00e9riaux signifie faire quelque chose de chaque pierre. Chaque pierre est r\u00e9utilis\u00e9e comme mat\u00e9riau de construction, que ce soit de sources primaires telles que des gravi\u00e8res ou de sources secondaires telles que des chantiers ou des projets de d\u00e9molition.<\/p>\n\n\n\n<div class=\"wp-block-media-text alignwide is-stacked-on-mobile is-vertically-aligned-top hurni-media-text\" style=\"grid-template-columns:35% auto\"><figure class=\"wp-block-media-text__media\"><img loading=\"lazy\" decoding=\"async\" width=\"800\" height=\"600\" src=\"\/wp-content\/uploads\/sites\/2\/2021\/11\/Materiallogistik1.jpg\" alt=\"\" class=\"wp-image-148 size-full\" srcset=\"https:\/\/www.hurni-kies-beton.ch\/wp-content\/uploads\/sites\/2\/2021\/11\/Materiallogistik1.jpg 800w, https:\/\/www.hurni-kies-beton.ch\/wp-content\/uploads\/sites\/2\/2021\/11\/Materiallogistik1-300x225.jpg 300w, https:\/\/www.hurni-kies-beton.ch\/wp-content\/uploads\/sites\/2\/2021\/11\/Materiallogistik1-768x576.jpg 768w\" sizes=\"auto, (max-width: 800px) 100vw, 800px\" \/><\/figure><div class=\"wp-block-media-text__content\">\n<h3 class=\"wp-block-heading\">Durable et \u00e9conomique<\/h3>\n\n\n\n<p>Les ressources de mati\u00e8res premi\u00e8res sont rares. C\u2019est pourquoi le cercle de mat\u00e9riaux de construction doit \u00eatre ferm\u00e9. C\u2019est la seule fa\u00e7on de construire de mani\u00e8re durable et \u00e9conomique.<\/p>\n<\/div><\/div>\n\n\n\n<div class=\"wp-block-media-text alignwide is-stacked-on-mobile is-vertically-aligned-top hurni-media-text\" style=\"grid-template-columns:35% auto\"><figure class=\"wp-block-media-text__media\"><img loading=\"lazy\" decoding=\"async\" width=\"800\" height=\"600\" src=\"\/wp-content\/uploads\/sites\/2\/2021\/11\/Materiallogistik2.jpg\" alt=\"\" class=\"wp-image-149 size-full\" srcset=\"https:\/\/www.hurni-kies-beton.ch\/wp-content\/uploads\/sites\/2\/2021\/11\/Materiallogistik2.jpg 800w, https:\/\/www.hurni-kies-beton.ch\/wp-content\/uploads\/sites\/2\/2021\/11\/Materiallogistik2-300x225.jpg 300w, https:\/\/www.hurni-kies-beton.ch\/wp-content\/uploads\/sites\/2\/2021\/11\/Materiallogistik2-768x576.jpg 768w\" sizes=\"auto, (max-width: 800px) 100vw, 800px\" \/><\/figure><div class=\"wp-block-media-text__content\">\n<h3 class=\"wp-block-heading\">De vieilles maisons pour de nouvelles maisons<\/h3>\n\n\n\n<p>Nous transformons des mat\u00e9riaux provenant de gravi\u00e8res ou de d\u00e9molition en mat\u00e9riaux de construction de grande qualit\u00e9. L\u2019extraction de mat\u00e9riaux de d\u00e9construction de vieilles maisons devient de plus en plus important. De nouvelles maisons sont cr\u00e9\u00e9es avec du nouveau b\u00e9ton RC provenant de vieilles pierres.<\/p>\n<\/div><\/div>\n\n\n\n<div class=\"wp-block-media-text alignwide is-stacked-on-mobile is-vertically-aligned-top hurni-media-text\" style=\"grid-template-columns:35% auto\"><figure class=\"wp-block-media-text__media\"><img loading=\"lazy\" decoding=\"async\" width=\"800\" height=\"600\" src=\"\/wp-content\/uploads\/sites\/2\/2021\/11\/Materiallogistik3.jpg\" alt=\"\" class=\"wp-image-150 size-full\" srcset=\"https:\/\/www.hurni-kies-beton.ch\/wp-content\/uploads\/sites\/2\/2021\/11\/Materiallogistik3.jpg 800w, https:\/\/www.hurni-kies-beton.ch\/wp-content\/uploads\/sites\/2\/2021\/11\/Materiallogistik3-300x225.jpg 300w, https:\/\/www.hurni-kies-beton.ch\/wp-content\/uploads\/sites\/2\/2021\/11\/Materiallogistik3-768x576.jpg 768w\" sizes=\"auto, (max-width: 800px) 100vw, 800px\" \/><\/figure><div class=\"wp-block-media-text__content\">\n<h3 class=\"wp-block-heading\">Directement au client<\/h3>\n\n\n\n<p>La fourniture de mat\u00e9riaux de construction \u00e0 nos clients fait partie de la logistique de mat\u00e9riaux. Gr\u00e2ce \u00e0 notre flotte de v\u00e9hicules performante et \u00e9cologique, nous fermons le cercle de mat\u00e9riaux de construction.<\/p>\n<\/div><\/div>\n<\/div><\/div>\n<\/div><\/div>\n","protected":false},"excerpt":{"rendered":"<p>Durabilit\u00e9 n\u2019est pas un vain mot pour nous. Pour nous la logistique des mat\u00e9riaux signifie faire quelque chose de chaque pierre. Chaque pierre est r\u00e9utilis\u00e9e&hellip;<\/p>\n","protected":false},"author":2,"featured_media":752,"parent":731,"menu_order":160,"comment_status":"closed","ping_status":"closed","template":"","meta":{"inline_featured_image":false,"_uag_custom_page_level_css":"","pgc_sgb_lightbox_settings":"","footnotes":""},"class_list":["post-1023","page","type-page","status-publish","has-post-thumbnail","hentry"],"aioseo_notices":[],"uagb_featured_image_src":{"full":["https:\/\/www.hurni-kies-beton.ch\/wp-content\/uploads\/sites\/2\/2021\/11\/Header_Materiallogistik.jpg",1500,500,false],"thumbnail":["https:\/\/www.hurni-kies-beton.ch\/wp-content\/uploads\/sites\/2\/2021\/11\/Header_Materiallogistik-150x150.jpg",150,150,true],"medium":["https:\/\/www.hurni-kies-beton.ch\/wp-content\/uploads\/sites\/2\/2021\/11\/Header_Materiallogistik-300x100.jpg",300,100,true],"medium_large":["https:\/\/www.hurni-kies-beton.ch\/wp-content\/uploads\/sites\/2\/2021\/11\/Header_Materiallogistik-768x256.jpg",768,256,true],"large":["https:\/\/www.hurni-kies-beton.ch\/wp-content\/uploads\/sites\/2\/2021\/11\/Header_Materiallogistik-1024x341.jpg",843,281,true],"1536x1536":["https:\/\/www.hurni-kies-beton.ch\/wp-content\/uploads\/sites\/2\/2021\/11\/Header_Materiallogistik.jpg",1500,500,false],"2048x2048":["https:\/\/www.hurni-kies-beton.ch\/wp-content\/uploads\/sites\/2\/2021\/11\/Header_Materiallogistik.jpg",1500,500,false]},"uagb_author_info":{"display_name":"gffh","author_link":"https:\/\/www.hurni-kies-beton.ch\/fr\/author\/gffh\/"},"uagb_comment_info":0,"uagb_excerpt":"Durabilit\u00e9 n\u2019est pas un vain mot pour nous. Pour nous la logistique des mat\u00e9riaux signifie faire quelque chose de chaque pierre. Chaque pierre est r\u00e9utilis\u00e9e&hellip;","_links":{"self":[{"href":"https:\/\/www.hurni-kies-beton.ch\/fr\/wp-json\/wp\/v2\/pages\/1023","targetHints":{"allow":["GET"]}}],"collection":[{"href":"https:\/\/www.hurni-kies-beton.ch\/fr\/wp-json\/wp\/v2\/pages"}],"about":[{"href":"https:\/\/www.hurni-kies-beton.ch\/fr\/wp-json\/wp\/v2\/types\/page"}],"author":[{"embeddable":true,"href":"https:\/\/www.hurni-kies-beton.ch\/fr\/wp-json\/wp\/v2\/users\/2"}],"replies":[{"embeddable":true,"href":"https:\/\/www.hurni-kies-beton.ch\/fr\/wp-json\/wp\/v2\/comments?post=1023"}],"version-history":[{"count":1,"href":"https:\/\/www.hurni-kies-beton.ch\/fr\/wp-json\/wp\/v2\/pages\/1023\/revisions"}],"predecessor-version":[{"id":1024,"href":"https:\/\/www.hurni-kies-beton.ch\/fr\/wp-json\/wp\/v2\/pages\/1023\/revisions\/1024"}],"up":[{"embeddable":true,"href":"https:\/\/www.hurni-kies-beton.ch\/fr\/wp-json\/wp\/v2\/pages\/731"}],"wp:featuredmedia":[{"embeddable":true,"href":"https:\/\/www.hurni-kies-beton.ch\/fr\/wp-json\/wp\/v2\/media\/752"}],"wp:attachment":[{"href":"https:\/\/www.hurni-kies-beton.ch\/fr\/wp-json\/wp\/v2\/media?parent=1023"}],"curies":[{"name":"wp","href":"https:\/\/api.w.org\/{rel}","templated":true}]}}